{"id":1255,"date":"2025-11-18T09:22:38","date_gmt":"2025-11-18T09:22:38","guid":{"rendered":"https:\/\/aicheq.com\/?page_id=1255"},"modified":"2026-01-09T16:00:16","modified_gmt":"2026-01-09T16:00:16","slug":"1255-2","status":"publish","type":"page","link":"https:\/\/aicheq.com\/fi\/1255-2\/","title":{"rendered":"Company AI solutions"},"content":{"rendered":"<div data-elementor-type=\"wp-page\" data-elementor-id=\"1255\" class=\"elementor elementor-1255\">\n\t\t\t\t<div class=\"elementor-element elementor-element-453e0ab e-flex e-con-boxed e-con e-parent\" data-id=\"453e0ab\" data-element_type=\"container\" data-e-type=\"container\" data-settings=\"{&quot;background_background&quot;:&quot;classic&quot;}\">\n\t\t\t\t\t<div class=\"e-con-inner\">\n\t\t\t\t<div class=\"elementor-element elementor-element-ca40e07 elementor-widget elementor-widget-heading\" data-id=\"ca40e07\" data-element_type=\"widget\" data-e-type=\"widget\" data-widget_type=\"heading.default\">\n\t\t\t\t<div class=\"elementor-widget-container\">\n\t\t\t\t\t<h1 class=\"elementor-heading-title elementor-size-default\">Tehokas AI-ratkaisu yrityksien koulutukseen<\/h1>\t\t\t\t<\/div>\n\t\t\t\t<\/div>\n\t\t\t\t\t<\/div>\n\t\t\t\t<\/div>\n\t\t<div class=\"elementor-element elementor-element-f8016f4 e-flex e-con-boxed e-con e-parent\" data-id=\"f8016f4\" data-element_type=\"container\" data-e-type=\"container\" data-settings=\"{&quot;background_background&quot;:&quot;gradient&quot;}\">\n\t\t\t\t\t<div class=\"e-con-inner\">\n\t\t<div class=\"elementor-element elementor-element-eb76909 e-flex e-con-boxed e-con e-child\" data-id=\"eb76909\" data-element_type=\"container\" data-e-type=\"container\">\n\t\t\t\t\t<div class=\"e-con-inner\">\n\t\t\t\t<div class=\"elementor-element elementor-element-7c3b53d elementor-widget-mobile__width-inherit elementor-widget elementor-widget-image\" data-id=\"7c3b53d\" data-element_type=\"widget\" data-e-type=\"widget\" data-widget_type=\"image.default\">\n\t\t\t\t<div class=\"elementor-widget-container\">\n\t\t\t\t\t\t\t\t\t\t\t\t\t\t\t<img alt=\"\" fetchpriority=\"high\" decoding=\"async\" width=\"1024\" height=\"683\" src=\"https:\/\/aicheq.com\/wp-content\/uploads\/2025\/11\/pexels-karola-g-7876899-1024x683.png\" class=\"attachment-large size-large wp-image-1261\" srcset=\"https:\/\/aicheq.com\/wp-content\/uploads\/2025\/11\/pexels-karola-g-7876899-1024x683.png 1024w, https:\/\/aicheq.com\/wp-content\/uploads\/2025\/11\/pexels-karola-g-7876899-300x200.png 300w, https:\/\/aicheq.com\/wp-content\/uploads\/2025\/11\/pexels-karola-g-7876899-768x512.png 768w, https:\/\/aicheq.com\/wp-content\/uploads\/2025\/11\/pexels-karola-g-7876899-1536x1024.png 1536w, https:\/\/aicheq.com\/wp-content\/uploads\/2025\/11\/pexels-karola-g-7876899-2048x1366.png 2048w, https:\/\/aicheq.com\/wp-content\/uploads\/2025\/11\/pexels-karola-g-7876899-18x12.png 18w\" sizes=\"(max-width: 1024px) 100vw, 1024px\" \/>\t\t\t\t\t\t\t\t\t\t\t\t\t\t\t<\/div>\n\t\t\t\t<\/div>\n\t\t\t\t\t<\/div>\n\t\t\t\t<\/div>\n\t\t\t\t\t<\/div>\n\t\t\t\t<\/div>\n\t\t<div class=\"elementor-element elementor-element-6e358fc e-flex e-con-boxed e-con e-parent\" data-id=\"6e358fc\" data-element_type=\"container\" data-e-type=\"container\" data-settings=\"{&quot;background_background&quot;:&quot;classic&quot;}\">\n\t\t\t\t\t<div class=\"e-con-inner\">\n\t\t\t\t<div class=\"elementor-element elementor-element-74c0a53 elementor-widget elementor-widget-text-editor\" data-id=\"74c0a53\" data-element_type=\"widget\" data-e-type=\"widget\" data-widget_type=\"text-editor.default\">\n\t\t\t\t<div class=\"elementor-widget-container\">\n\t\t\t\t\t\t\t\t\t<p class=\"translation-block\"><strong>S\u00e4\u00e4st\u00e4 kustannuksista ja maksimoi osaaminen! <\/strong><strong>Yrityksenne voi leikata koulutuskustannuksista ja tehostaa koulutusta ilman, ett\u00e4 koulutuksen teho laskee ja osaaminen heikkenee!<\/strong><\/p>\t\t\t\t\t\t\t\t<\/div>\n\t\t\t\t<\/div>\n\t\t\t\t\t<\/div>\n\t\t\t\t<\/div>\n\t\t<div class=\"elementor-element elementor-element-dcda1a4 e-flex e-con-boxed e-con e-parent\" data-id=\"dcda1a4\" data-element_type=\"container\" data-e-type=\"container\" data-settings=\"{&quot;background_background&quot;:&quot;classic&quot;}\">\n\t\t\t\t\t<div class=\"e-con-inner\">\n\t\t<div class=\"elementor-element elementor-element-4c22373 e-con-full e-flex e-con e-child\" data-id=\"4c22373\" data-element_type=\"container\" data-e-type=\"container\">\n\t\t\t\t<div class=\"elementor-element elementor-element-3fdbe9d elementor-widget elementor-widget-image\" data-id=\"3fdbe9d\" data-element_type=\"widget\" data-e-type=\"widget\" data-widget_type=\"image.default\">\n\t\t\t\t<div class=\"elementor-widget-container\">\n\t\t\t\t\t\t\t\t\t\t\t\t\t\t\t<img alt=\"\" decoding=\"async\" width=\"745\" height=\"492\" src=\"https:\/\/aicheq.com\/wp-content\/uploads\/2025\/11\/nainen-3-brown-backg.png\" class=\"attachment-large size-large wp-image-1339\" srcset=\"https:\/\/aicheq.com\/wp-content\/uploads\/2025\/11\/nainen-3-brown-backg.png 745w, https:\/\/aicheq.com\/wp-content\/uploads\/2025\/11\/nainen-3-brown-backg-300x198.png 300w, https:\/\/aicheq.com\/wp-content\/uploads\/2025\/11\/nainen-3-brown-backg-18x12.png 18w\" sizes=\"(max-width: 745px) 100vw, 745px\" \/>\t\t\t\t\t\t\t\t\t\t\t\t\t\t\t<\/div>\n\t\t\t\t<\/div>\n\t\t\t\t<\/div>\n\t\t<div class=\"elementor-element elementor-element-131dc50 e-con-full e-flex e-con e-child\" data-id=\"131dc50\" data-element_type=\"container\" data-e-type=\"container\">\n\t\t\t\t<div class=\"elementor-element elementor-element-6839621 elementor-widget elementor-widget-text-editor\" data-id=\"6839621\" data-element_type=\"widget\" data-e-type=\"widget\" data-widget_type=\"text-editor.default\">\n\t\t\t\t<div class=\"elementor-widget-container\">\n\t\t\t\t\t\t\t\t\t<p>AI-arviointi tuottaa yksil\u00f6llist\u00e4 palautetta ja takaa ty\u00f6ntekij\u00f6iden paremman osaamisen!<\/p>\t\t\t\t\t\t\t\t<\/div>\n\t\t\t\t<\/div>\n\t\t\t\t<\/div>\n\t\t\t\t\t<\/div>\n\t\t\t\t<\/div>\n\t\t<div class=\"elementor-element elementor-element-99e7371 e-flex e-con-boxed e-con e-parent\" data-id=\"99e7371\" data-element_type=\"container\" data-e-type=\"container\">\n\t\t\t\t\t<div class=\"e-con-inner\">\n\t\t<div class=\"elementor-element elementor-element-0304235 e-con-full e-flex e-con e-child\" data-id=\"0304235\" data-element_type=\"container\" data-e-type=\"container\">\n\t\t\t\t<div class=\"elementor-element elementor-element-fd89bf8 elementor-widget elementor-widget-text-editor\" data-id=\"fd89bf8\" data-element_type=\"widget\" data-e-type=\"widget\" data-widget_type=\"text-editor.default\">\n\t\t\t\t<div class=\"elementor-widget-container\">\n\t\t\t\t\t\t\t\t\t<p class=\"translation-block\">Hinta-laatusuhteeltaan ylivoimainen ratkaisu tuottaa<u> yksil\u00f6llisen ja tasapuolisen koulutuksen.<\/u> Yll\u00e4pit\u00e4\u00e4 ja on joustava alusta sis\u00e4ll\u00f6n (teoriat, videot, teht\u00e4v\u00e4t) lis\u00e4\u00e4miseen ja aineiston kehitt\u00e4miseen. Helppo luoda uusia kursseja tai lyhyempi\u00e4 sessioita.\u00a0<\/p>\t\t\t\t\t\t\t\t<\/div>\n\t\t\t\t<\/div>\n\t\t\t\t<\/div>\n\t\t<div class=\"elementor-element elementor-element-f394a6d e-con-full e-flex e-con e-child\" data-id=\"f394a6d\" data-element_type=\"container\" data-e-type=\"container\">\n\t\t\t\t<div class=\"elementor-element elementor-element-9db87f2 elementor-widget elementor-widget-text-editor\" data-id=\"9db87f2\" data-element_type=\"widget\" data-e-type=\"widget\" data-widget_type=\"text-editor.default\">\n\t\t\t\t<div class=\"elementor-widget-container\">\n\t\t\t\t\t\t\t\t\t<p>AI-oppimisalusta helpottaa p\u00e4ivitt\u00e4in tai muuten toistuvia koulutustarpeita. Mahdollistaa tehokkaan hy\u00f6dyn ilman, ett\u00e4 henkil\u00f6st\u00f6n tarvitsee yll\u00e4pit\u00e4\u00e4 ja kehitt\u00e4\u00e4 vaikeasti koulutusta. Skaalautuu vaivatta, sopii niin isoille kuin pienille yrityksille.<\/p>\t\t\t\t\t\t\t\t<\/div>\n\t\t\t\t<\/div>\n\t\t\t\t<\/div>\n\t\t\t\t\t<\/div>\n\t\t\t\t<\/div>\n\t\t<div class=\"elementor-element elementor-element-f53985f e-flex e-con-boxed e-con e-parent\" data-id=\"f53985f\" data-element_type=\"container\" data-e-type=\"container\">\n\t\t\t\t\t<div class=\"e-con-inner\">\n\t\t<div class=\"elementor-element elementor-element-e4d423b e-con-full e-flex e-con e-child\" data-id=\"e4d423b\" data-element_type=\"container\" data-e-type=\"container\">\n\t\t\t\t<div class=\"elementor-element elementor-element-d737cca elementor-widget elementor-widget-image\" data-id=\"d737cca\" data-element_type=\"widget\" data-e-type=\"widget\" data-widget_type=\"image.default\">\n\t\t\t\t<div class=\"elementor-widget-container\">\n\t\t\t\t\t\t\t\t\t\t\t\t\t\t\t<img alt=\"\" decoding=\"async\" width=\"417\" height=\"516\" src=\"https:\/\/aicheq.com\/wp-content\/uploads\/2025\/11\/nainen-3.png\" class=\"attachment-large size-large wp-image-1327\" srcset=\"https:\/\/aicheq.com\/wp-content\/uploads\/2025\/11\/nainen-3.png 417w, https:\/\/aicheq.com\/wp-content\/uploads\/2025\/11\/nainen-3-242x300.png 242w, https:\/\/aicheq.com\/wp-content\/uploads\/2025\/11\/nainen-3-10x12.png 10w\" sizes=\"(max-width: 417px) 100vw, 417px\" \/>\t\t\t\t\t\t\t\t\t\t\t\t\t\t\t<\/div>\n\t\t\t\t<\/div>\n\t\t\t\t<\/div>\n\t\t<div class=\"elementor-element elementor-element-f514ebc e-con-full e-flex e-con e-child\" data-id=\"f514ebc\" data-element_type=\"container\" data-e-type=\"container\">\n\t\t\t\t<div class=\"elementor-element elementor-element-0e92ae6 elementor-widget elementor-widget-text-editor\" data-id=\"0e92ae6\" data-element_type=\"widget\" data-e-type=\"widget\" data-widget_type=\"text-editor.default\">\n\t\t\t\t<div class=\"elementor-widget-container\">\n\t\t\t\t\t\t\t\t\t<p>AI- ratkaisu on ns. dynaaminen ja skaalautuu ty\u00f6ntekij\u00f6iden ja toteutettavien prosessien tarvitseman suorituskapasiteetin sek\u00e4 halutun opetusaineiston ja kielen mukaan.<\/p>\t\t\t\t\t\t\t\t<\/div>\n\t\t\t\t<\/div>\n\t\t\t\t<\/div>\n\t\t\t\t\t<\/div>\n\t\t\t\t<\/div>\n\t\t<div class=\"elementor-element elementor-element-8672f13 e-flex e-con-boxed e-con e-parent\" data-id=\"8672f13\" data-element_type=\"container\" data-e-type=\"container\">\n\t\t\t\t\t<div class=\"e-con-inner\">\n\t\t<div class=\"elementor-element elementor-element-98c25b5 e-con-full e-flex e-con e-child\" data-id=\"98c25b5\" data-element_type=\"container\" data-e-type=\"container\">\n\t\t\t\t<div class=\"elementor-element elementor-element-ac27138 elementor-widget elementor-widget-text-editor\" data-id=\"ac27138\" data-element_type=\"widget\" data-e-type=\"widget\" data-widget_type=\"text-editor.default\">\n\t\t\t\t<div class=\"elementor-widget-container\">\n\t\t\t\t\t\t\t\t\t<p>Olemme varmoja, ett\u00e4 koulutuksen AI-automaatio-ominaisuudet tarjoavat asiakkaillemme tehokkaimman hy\u00f6dyn ja parhaimman koulutusratkaisun. Olipa kyseess\u00e4 uuden strategian jalkauttaminen, uuden toimintaprosessin tai -tavan sis\u00e4\u00e4n ajaminen tai kehitt\u00e4miseen liittyv\u00e4n paremman osaamistason saavuttaminen.<\/p>\t\t\t\t\t\t\t\t<\/div>\n\t\t\t\t<\/div>\n\t\t\t\t<\/div>\n\t\t<div class=\"elementor-element elementor-element-fa2793c e-con-full e-flex e-con e-child\" data-id=\"fa2793c\" data-element_type=\"container\" data-e-type=\"container\">\n\t\t\t\t<div class=\"elementor-element elementor-element-285bb06 elementor-widget elementor-widget-text-editor\" data-id=\"285bb06\" data-element_type=\"widget\" data-e-type=\"widget\" data-widget_type=\"text-editor.default\">\n\t\t\t\t<div class=\"elementor-widget-container\">\n\t\t\t\t\t\t\t\t\t<p>Ty\u00f6ntekij\u00e4t saavat henkil\u00f6kohtaista t\u00e4sm\u00e4llist\u00e4 juuri aiheeseen liittyv\u00e4\u00e4 palautetta teko\u00e4lylt\u00e4 kustakin teht\u00e4v\u00e4st\u00e4. T\u00e4m\u00e4 varmentaa koulutuksen tavoitteen saavuttamisen ja auttaa kehitt\u00e4m\u00e4\u00e4n toimintaa haluttuun suuntaan.<\/p>\t\t\t\t\t\t\t\t<\/div>\n\t\t\t\t<\/div>\n\t\t\t\t<\/div>\n\t\t\t\t\t<\/div>\n\t\t\t\t<\/div>\n\t\t<div class=\"elementor-element elementor-element-eb02ece e-flex e-con-boxed e-con e-parent\" data-id=\"eb02ece\" data-element_type=\"container\" data-e-type=\"container\" data-settings=\"{&quot;background_background&quot;:&quot;classic&quot;}\">\n\t\t\t\t\t<div class=\"e-con-inner\">\n\t\t\t\t<div class=\"elementor-element elementor-element-c31df4e elementor-widget elementor-widget-text-editor\" data-id=\"c31df4e\" data-element_type=\"widget\" data-e-type=\"widget\" data-widget_type=\"text-editor.default\">\n\t\t\t\t<div class=\"elementor-widget-container\">\n\t\t\t\t\t\t\t\t\t<p style=\"text-align: center;\">Kuulostaa hienolta, eik\u00f6? Tutustutaan seuraavaksi miten homma toimii.<\/p>\t\t\t\t\t\t\t\t<\/div>\n\t\t\t\t<\/div>\n\t\t\t\t\t<\/div>\n\t\t\t\t<\/div>\n\t\t<div class=\"elementor-element elementor-element-7dc8dd7 e-flex e-con-boxed e-con e-parent\" data-id=\"7dc8dd7\" data-element_type=\"container\" data-e-type=\"container\">\n\t\t\t\t\t<div class=\"e-con-inner\">\n\t\t<div class=\"elementor-element elementor-element-3f6ae84 e-con-full e-flex e-con e-child\" data-id=\"3f6ae84\" data-element_type=\"container\" data-e-type=\"container\">\n\t\t\t\t<div class=\"elementor-element elementor-element-506dce8 elementor-widget elementor-widget-text-editor\" data-id=\"506dce8\" data-element_type=\"widget\" data-e-type=\"widget\" data-widget_type=\"text-editor.default\">\n\t\t\t\t<div class=\"elementor-widget-container\">\n\t\t\t\t\t\t\t\t\t<p>Yhti\u00f6llenne m\u00e4\u00e4ritet\u00e4\u00e4n oma dedikoitu oppimisymp\u00e4rist\u00f6, jossa ainoastaan ty\u00f6ntekij\u00e4t ja oikeudet omaavat henkil\u00f6t voivat opiskella tai laatia sis\u00e4lt\u00f6j\u00e4.<\/p><p>K\u00e4sitelt\u00e4v\u00e4n asian sis\u00e4ist\u00e4miseksi ns. avoimet kysymykset stimuloivat ajattelua ja varmistavat asioiden sis\u00e4ist\u00e4misen ja koulutuksen tavoitteiden saavuttamisen ja vaikuttavuuden.<\/p>\t\t\t\t\t\t\t\t<\/div>\n\t\t\t\t<\/div>\n\t\t\t\t<\/div>\n\t\t<div class=\"elementor-element elementor-element-bb4875f e-con-full e-flex e-con e-child\" data-id=\"bb4875f\" data-element_type=\"container\" data-e-type=\"container\">\n\t\t\t\t<div class=\"elementor-element elementor-element-7f270ad elementor-widget elementor-widget-image\" data-id=\"7f270ad\" data-element_type=\"widget\" data-e-type=\"widget\" data-widget_type=\"image.default\">\n\t\t\t\t<div class=\"elementor-widget-container\">\n\t\t\t\t\t\t\t\t\t\t\t\t\t\t\t<img alt=\"\" loading=\"lazy\" decoding=\"async\" width=\"344\" height=\"582\" src=\"https:\/\/aicheq.com\/wp-content\/uploads\/2026\/01\/Women-business-pic.png\" class=\"attachment-large size-large wp-image-1583\" srcset=\"https:\/\/aicheq.com\/wp-content\/uploads\/2026\/01\/Women-business-pic.png 344w, https:\/\/aicheq.com\/wp-content\/uploads\/2026\/01\/Women-business-pic-177x300.png 177w, https:\/\/aicheq.com\/wp-content\/uploads\/2026\/01\/Women-business-pic-7x12.png 7w\" sizes=\"(max-width: 344px) 100vw, 344px\" \/>\t\t\t\t\t\t\t\t\t\t\t\t\t\t\t<\/div>\n\t\t\t\t<\/div>\n\t\t\t\t<\/div>\n\t\t\t\t\t<\/div>\n\t\t\t\t<\/div>\n\t\t<div class=\"elementor-element elementor-element-53cbf59 e-flex e-con-boxed e-con e-parent\" data-id=\"53cbf59\" data-element_type=\"container\" data-e-type=\"container\">\n\t\t\t\t\t<div class=\"e-con-inner\">\n\t\t\t\t<div class=\"elementor-element elementor-element-3ff18d8 elementor-widget elementor-widget-heading\" data-id=\"3ff18d8\" data-element_type=\"widget\" data-e-type=\"widget\" data-widget_type=\"heading.default\">\n\t\t\t\t<div class=\"elementor-widget-container\">\n\t\t\t\t\t<h2 class=\"elementor-heading-title elementor-size-default\">Saatu palaute tekee opiskelusta tehokkaampaa<\/h2>\t\t\t\t<\/div>\n\t\t\t\t<\/div>\n\t\t\t\t\t<\/div>\n\t\t\t\t<\/div>\n\t\t<div class=\"elementor-element elementor-element-2b9bba2 e-flex e-con-boxed e-con e-parent\" data-id=\"2b9bba2\" data-element_type=\"container\" data-e-type=\"container\" data-settings=\"{&quot;background_background&quot;:&quot;classic&quot;}\">\n\t\t\t\t\t<div class=\"e-con-inner\">\n\t\t<div class=\"elementor-element elementor-element-6b88fe3 e-con-full e-flex e-con e-child\" data-id=\"6b88fe3\" data-element_type=\"container\" data-e-type=\"container\">\n\t\t\t\t<div class=\"elementor-element elementor-element-9f1a3ea elementor-widget elementor-widget-text-editor\" data-id=\"9f1a3ea\" data-element_type=\"widget\" data-e-type=\"widget\" data-widget_type=\"text-editor.default\">\n\t\t\t\t<div class=\"elementor-widget-container\">\n\t\t\t\t\t\t\t\t\t<p>(1). Ty\u00f6ntekij\u00e4t valitsevat itselleen tarkoitetut opiskeluosiot kurssin tai lyhyemm\u00e4n session. Koulutus voi olla teksti-, kuva- tai videomuodossa tai n\u00e4iden yhdistelm\u00e4.<\/p>\t\t\t\t\t\t\t\t<\/div>\n\t\t\t\t<\/div>\n\t\t\t\t<\/div>\n\t\t<div class=\"elementor-element elementor-element-9e1f81b e-con-full e-flex e-con e-child\" data-id=\"9e1f81b\" data-element_type=\"container\" data-e-type=\"container\">\n\t\t\t\t<div class=\"elementor-element elementor-element-18e0fe2 elementor-widget elementor-widget-text-editor\" data-id=\"18e0fe2\" data-element_type=\"widget\" data-e-type=\"widget\" data-widget_type=\"text-editor.default\">\n\t\t\t\t<div class=\"elementor-widget-container\">\n\t\t\t\t\t\t\t\t\t<p>(2). Aiheeseen perehtymisen j\u00e4lkeen vastataan tekstikysymyksiin (varmistaa asian omaksumista).  Mukana on my\u00f6s keve\u00e4mpi\u00e4 monivalintakysymyksi\u00e4.<\/p>\t\t\t\t\t\t\t\t<\/div>\n\t\t\t\t<\/div>\n\t\t\t\t<\/div>\n\t\t<div class=\"elementor-element elementor-element-1399d7c e-con-full e-flex e-con e-child\" data-id=\"1399d7c\" data-element_type=\"container\" data-e-type=\"container\">\n\t\t\t\t<div class=\"elementor-element elementor-element-2ba441f elementor-widget elementor-widget-text-editor\" data-id=\"2ba441f\" data-element_type=\"widget\" data-e-type=\"widget\" data-widget_type=\"text-editor.default\">\n\t\t\t\t<div class=\"elementor-widget-container\">\n\t\t\t\t\t\t\t\t\t<p>(3). Palautteen saatuaan voi kerrata ja tarkastaa puutteet teoriasta tai mallivastauksesta ja vastata vaikka halutessaan uudelleen ja varmistua aiheen ymm\u00e4rt\u00e4misest\u00e4.<\/p>\t\t\t\t\t\t\t\t<\/div>\n\t\t\t\t<\/div>\n\t\t\t\t<\/div>\n\t\t<div class=\"elementor-element elementor-element-d87f30a e-con-full e-flex e-con e-child\" data-id=\"d87f30a\" data-element_type=\"container\" data-e-type=\"container\">\n\t\t\t\t<div class=\"elementor-element elementor-element-b15f4be elementor-widget elementor-widget-text-editor\" data-id=\"b15f4be\" data-element_type=\"widget\" data-e-type=\"widget\" data-widget_type=\"text-editor.default\">\n\t\t\t\t<div class=\"elementor-widget-container\">\n\t\t\t\t\t\t\t\t\t<p>(4). Ty\u00f6ntekij\u00e4t n\u00e4kev\u00e4t omasta seuranta-paneelista oman edistymisens\u00e4. Yrityksess\u00e4 vastuullinen johto n\u00e4kee my\u00f6s suoritukset omasta seurantapaneelistaan.<\/p>\t\t\t\t\t\t\t\t<\/div>\n\t\t\t\t<\/div>\n\t\t\t\t<\/div>\n\t\t\t\t\t<\/div>\n\t\t\t\t<\/div>\n\t\t<div class=\"elementor-element elementor-element-c703328 e-flex e-con-boxed e-con e-parent\" data-id=\"c703328\" data-element_type=\"container\" data-e-type=\"container\">\n\t\t\t\t\t<div class=\"e-con-inner\">\n\t\t\t\t<div class=\"elementor-element elementor-element-be5ebf4 elementor-widget elementor-widget-text-editor\" data-id=\"be5ebf4\" data-element_type=\"widget\" data-e-type=\"widget\" data-widget_type=\"text-editor.default\">\n\t\t\t\t<div class=\"elementor-widget-container\">\n\t\t\t\t\t\t\t\t\t<p>Kiinnostuitko? Haluatko tiedustella tietty\u00e4 asiaa tai muuta lis\u00e4tietoa? info@aicheq.com tai alapalkin otayhteytt\u00e4-toiminnon kautta.<\/p>\t\t\t\t\t\t\t\t<\/div>\n\t\t\t\t<\/div>\n\t\t\t\t\t<\/div>\n\t\t\t\t<\/div>\n\t\t\t\t<\/div>","protected":false},"excerpt":{"rendered":"<p>The Ultimate AI for Corporate Training Save the Costs and, Maximize Impact! Your company can save\u00a0 on training costs without compromising training effectiveness! AI assessment produces invidual feedback and guarantees the employees better knowing. The most affordable solution for delivering personalized and equitable training, maintaining your training materials (theories and tasks), and creating new educational [&hellip;]<\/p>","protected":false},"author":2,"featured_media":0,"parent":0,"menu_order":0,"comment_status":"closed","ping_status":"closed","template":"","meta":{"_seopress_robots_primary_cat":"","_seopress_titles_title":"","_seopress_titles_desc":"","_seopress_robots_index":"","ocean_post_layout":"full-screen","ocean_both_sidebars_style":"","ocean_both_sidebars_content_width":0,"ocean_both_sidebars_sidebars_width":0,"ocean_sidebar":"","ocean_second_sidebar":"","ocean_disable_margins":"enable","ocean_add_body_class":"","ocean_shortcode_before_top_bar":"","ocean_shortcode_after_top_bar":"","ocean_shortcode_before_header":"","ocean_shortcode_after_header":"","ocean_has_shortcode":"","ocean_shortcode_after_title":"","ocean_shortcode_before_footer_widgets":"","ocean_shortcode_after_footer_widgets":"","ocean_shortcode_before_footer_bottom":"","ocean_shortcode_after_footer_bottom":"","ocean_display_top_bar":"default","ocean_display_header":"default","ocean_header_style":"","ocean_center_header_left_menu":"","ocean_custom_header_template":"","ocean_custom_logo":0,"ocean_custom_retina_logo":0,"ocean_custom_logo_max_width":0,"ocean_custom_logo_tablet_max_width":0,"ocean_custom_logo_mobile_max_width":0,"ocean_custom_logo_max_height":0,"ocean_custom_logo_tablet_max_height":0,"ocean_custom_logo_mobile_max_height":0,"ocean_header_custom_menu":"","ocean_menu_typo_font_family":"","ocean_menu_typo_font_subset":"","ocean_menu_typo_font_size":0,"ocean_menu_typo_font_size_tablet":0,"ocean_menu_typo_font_size_mobile":0,"ocean_menu_typo_font_size_unit":"px","ocean_menu_typo_font_weight":"","ocean_menu_typo_font_weight_tablet":"","ocean_menu_typo_font_weight_mobile":"","ocean_menu_typo_transform":"","ocean_menu_typo_transform_tablet":"","ocean_menu_typo_transform_mobile":"","ocean_menu_typo_line_height":0,"ocean_menu_typo_line_height_tablet":0,"ocean_menu_typo_line_height_mobile":0,"ocean_menu_typo_line_height_unit":"","ocean_menu_typo_spacing":0,"ocean_menu_typo_spacing_tablet":0,"ocean_menu_typo_spacing_mobile":0,"ocean_menu_typo_spacing_unit":"","ocean_menu_link_color":"","ocean_menu_link_color_hover":"","ocean_menu_link_color_active":"","ocean_menu_link_background":"","ocean_menu_link_hover_background":"","ocean_menu_link_active_background":"","ocean_menu_social_links_bg":"","ocean_menu_social_hover_links_bg":"","ocean_menu_social_links_color":"","ocean_menu_social_hover_links_color":"","ocean_disable_title":"default","ocean_disable_heading":"default","ocean_post_title":"","ocean_post_subheading":"","ocean_post_title_style":"","ocean_post_title_background_color":"","ocean_post_title_background":0,"ocean_post_title_bg_image_position":"","ocean_post_title_bg_image_attachment":"","ocean_post_title_bg_image_repeat":"","ocean_post_title_bg_image_size":"","ocean_post_title_height":0,"ocean_post_title_bg_overlay":0.5,"ocean_post_title_bg_overlay_color":"","ocean_disable_breadcrumbs":"default","ocean_breadcrumbs_color":"","ocean_breadcrumbs_separator_color":"","ocean_breadcrumbs_links_color":"","ocean_breadcrumbs_links_hover_color":"","ocean_display_footer_widgets":"default","ocean_display_footer_bottom":"default","ocean_custom_footer_template":"","footnotes":""},"class_list":["post-1255","page","type-page","status-publish","hentry","entry"],"rttpg_featured_image_url":null,"rttpg_author":{"display_name":"Pasi Pet\u00e4j\u00e4","author_link":"https:\/\/aicheq.com\/fi\/author\/pasi-petajaaicheq-com\/"},"rttpg_comment":0,"rttpg_category":null,"rttpg_excerpt":"The Ultimate AI for Corporate Training Save the Costs and, Maximize Impact! Your company can save\u00a0 on training costs without compromising training effectiveness! AI assessment produces invidual feedback and guarantees the employees better knowing. The most affordable solution for delivering personalized and equitable training, maintaining your training materials (theories and tasks), and creating new educational&hellip;","_links":{"self":[{"href":"https:\/\/aicheq.com\/fi\/wp-json\/wp\/v2\/pages\/1255","targetHints":{"allow":["GET"]}}],"collection":[{"href":"https:\/\/aicheq.com\/fi\/wp-json\/wp\/v2\/pages"}],"about":[{"href":"https:\/\/aicheq.com\/fi\/wp-json\/wp\/v2\/types\/page"}],"author":[{"embeddable":true,"href":"https:\/\/aicheq.com\/fi\/wp-json\/wp\/v2\/users\/2"}],"replies":[{"embeddable":true,"href":"https:\/\/aicheq.com\/fi\/wp-json\/wp\/v2\/comments?post=1255"}],"version-history":[{"count":35,"href":"https:\/\/aicheq.com\/fi\/wp-json\/wp\/v2\/pages\/1255\/revisions"}],"predecessor-version":[{"id":1586,"href":"https:\/\/aicheq.com\/fi\/wp-json\/wp\/v2\/pages\/1255\/revisions\/1586"}],"wp:attachment":[{"href":"https:\/\/aicheq.com\/fi\/wp-json\/wp\/v2\/media?parent=1255"}],"curies":[{"name":"wp","href":"https:\/\/api.w.org\/{rel}","templated":true}]}}