{"id":1262,"date":"2025-11-18T12:35:59","date_gmt":"2025-11-18T12:35:59","guid":{"rendered":"https:\/\/aicheq.com\/?page_id=1262"},"modified":"2026-01-09T14:05:51","modified_gmt":"2026-01-09T14:05:51","slug":"grow-the-hr-business-with-ai-assessment","status":"publish","type":"page","link":"https:\/\/aicheq.com\/fi\/grow-the-hr-business-with-ai-assessment\/","title":{"rendered":"Grow the HR business With AI- assessment"},"content":{"rendered":"<div data-elementor-type=\"wp-page\" data-elementor-id=\"1262\" class=\"elementor elementor-1262\">\n\t\t\t\t<div class=\"elementor-element elementor-element-bdb1201 e-flex e-con-boxed e-con e-parent\" data-id=\"bdb1201\" data-element_type=\"container\" data-e-type=\"container\">\n\t\t\t\t\t<div class=\"e-con-inner\">\n\t\t\t\t<div class=\"elementor-element elementor-element-45dd9b1 elementor-widget elementor-widget-heading\" data-id=\"45dd9b1\" data-element_type=\"widget\" data-e-type=\"widget\" data-widget_type=\"heading.default\">\n\t\t\t\t<div class=\"elementor-widget-container\">\n\t\t\t\t\t<h2 class=\"elementor-heading-title elementor-size-default\">#1 AI-arviointi laajentaa HR-toimintojen volyymi\u00e4<\/h2>\t\t\t\t<\/div>\n\t\t\t\t<\/div>\n\t\t\t\t\t<\/div>\n\t\t\t\t<\/div>\n\t\t<div class=\"elementor-element elementor-element-ac0b162 e-flex e-con-boxed e-con e-parent\" data-id=\"ac0b162\" data-element_type=\"container\" data-e-type=\"container\">\n\t\t\t\t\t<div class=\"e-con-inner\">\n\t\t\t\t<div class=\"elementor-element elementor-element-560b8a8 elementor-widget elementor-widget-text-editor\" data-id=\"560b8a8\" data-element_type=\"widget\" data-e-type=\"widget\" data-widget_type=\"text-editor.default\">\n\t\t\t\t<div class=\"elementor-widget-container\">\n\t\t\t\t\t\t\t\t\t<p>Tehosta rekrytointia, kasvata volyymi\u00e4 ja s\u00e4\u00e4st\u00e4 kustannuksista<\/p>\t\t\t\t\t\t\t\t<\/div>\n\t\t\t\t<\/div>\n\t\t\t\t\t<\/div>\n\t\t\t\t<\/div>\n\t\t<div class=\"elementor-element elementor-element-4023a30 e-flex e-con-boxed e-con e-parent\" data-id=\"4023a30\" data-element_type=\"container\" data-e-type=\"container\">\n\t\t\t\t\t<div class=\"e-con-inner\">\n\t\t\t\t<div class=\"elementor-element elementor-element-3d3e65b elementor-widget elementor-widget-image\" data-id=\"3d3e65b\" data-element_type=\"widget\" data-e-type=\"widget\" data-widget_type=\"image.default\">\n\t\t\t\t<div class=\"elementor-widget-container\">\n\t\t\t\t\t\t\t\t\t\t\t\t\t\t\t<img alt=\"\" fetchpriority=\"high\" decoding=\"async\" width=\"663\" height=\"419\" src=\"https:\/\/aicheq.com\/wp-content\/uploads\/2025\/08\/Recruiting-AI-assessment.png\" class=\"attachment-large size-large wp-image-564\" srcset=\"https:\/\/aicheq.com\/wp-content\/uploads\/2025\/08\/Recruiting-AI-assessment.png 663w, https:\/\/aicheq.com\/wp-content\/uploads\/2025\/08\/Recruiting-AI-assessment-300x190.png 300w\" sizes=\"(max-width: 663px) 100vw, 663px\" \/>\t\t\t\t\t\t\t\t\t\t\t\t\t\t\t<\/div>\n\t\t\t\t<\/div>\n\t\t\t\t\t<\/div>\n\t\t\t\t<\/div>\n\t\t<div class=\"elementor-element elementor-element-89303dc e-flex e-con-boxed e-con e-parent\" data-id=\"89303dc\" data-element_type=\"container\" data-e-type=\"container\">\n\t\t\t\t\t<div class=\"e-con-inner\">\n\t\t\t\t<div class=\"elementor-element elementor-element-5dc22a8 elementor-widget elementor-widget-text-editor\" data-id=\"5dc22a8\" data-element_type=\"widget\" data-e-type=\"widget\" data-widget_type=\"text-editor.default\">\n\t\t\t\t<div class=\"elementor-widget-container\">\n\t\t\t\t\t\t\t\t\t<p>AI arviointity\u00f6kalu rekrytoinnin apuna:<\/p><p>K\u00e4sittele isompia volyymeja ja s\u00e4\u00e4st\u00e4 arvioinnin aikaa!<\/p>\t\t\t\t\t\t\t\t<\/div>\n\t\t\t\t<\/div>\n\t\t\t\t\t<\/div>\n\t\t\t\t<\/div>\n\t\t<div class=\"elementor-element elementor-element-22b6f1c e-flex e-con-boxed e-con e-parent\" data-id=\"22b6f1c\" data-element_type=\"container\" data-e-type=\"container\">\n\t\t\t\t\t<div class=\"e-con-inner\">\n\t\t\t\t<div class=\"elementor-element elementor-element-41c3044 elementor-widget elementor-widget-image\" data-id=\"41c3044\" data-element_type=\"widget\" data-e-type=\"widget\" data-widget_type=\"image.default\">\n\t\t\t\t<div class=\"elementor-widget-container\">\n\t\t\t\t\t\t\t\t\t\t\t\t\t\t\t<img alt=\"\" decoding=\"async\" width=\"649\" height=\"292\" src=\"https:\/\/aicheq.com\/wp-content\/uploads\/2025\/11\/recru.png\" class=\"attachment-large size-large wp-image-1268\" srcset=\"https:\/\/aicheq.com\/wp-content\/uploads\/2025\/11\/recru.png 649w, https:\/\/aicheq.com\/wp-content\/uploads\/2025\/11\/recru-300x135.png 300w, https:\/\/aicheq.com\/wp-content\/uploads\/2025\/11\/recru-18x8.png 18w\" sizes=\"(max-width: 649px) 100vw, 649px\" \/>\t\t\t\t\t\t\t\t\t\t\t\t\t\t\t<\/div>\n\t\t\t\t<\/div>\n\t\t\t\t\t<\/div>\n\t\t\t\t<\/div>\n\t\t<div class=\"elementor-element elementor-element-56e62d5 e-flex e-con-boxed e-con e-parent\" data-id=\"56e62d5\" data-element_type=\"container\" data-e-type=\"container\">\n\t\t\t\t\t<div class=\"e-con-inner\">\n\t\t\t\t<div class=\"elementor-element elementor-element-6780283 elementor-widget elementor-widget-text-editor\" data-id=\"6780283\" data-element_type=\"widget\" data-e-type=\"widget\" data-widget_type=\"text-editor.default\">\n\t\t\t\t<div class=\"elementor-widget-container\">\n\t\t\t\t\t\t\t\t\t<h1>Mahdollisuus lis\u00e4t\u00e4 tehoa rekrytointi-prosessiin!<\/h1>\t\t\t\t\t\t\t\t<\/div>\n\t\t\t\t<\/div>\n\t\t\t\t\t<\/div>\n\t\t\t\t<\/div>\n\t\t<div class=\"elementor-element elementor-element-967c71a e-flex e-con-boxed e-con e-parent\" data-id=\"967c71a\" data-element_type=\"container\" data-e-type=\"container\">\n\t\t\t\t\t<div class=\"e-con-inner\">\n\t\t\t\t<div class=\"elementor-element elementor-element-8ab6128 elementor-widget elementor-widget-text-editor\" data-id=\"8ab6128\" data-element_type=\"widget\" data-e-type=\"widget\" data-widget_type=\"text-editor.default\">\n\t\t\t\t<div class=\"elementor-widget-container\">\n\t\t\t\t\t\t\t\t\t<p>Analysoi 100 hakemusta tunnissa! Mahdollista laadukkaampien syv\u00e4lle osaamiseen menevien hakemuksien k\u00e4sittely nopeammin.<\/p>\t\t\t\t\t\t\t\t<\/div>\n\t\t\t\t<\/div>\n\t\t\t\t\t<\/div>\n\t\t\t\t<\/div>\n\t\t<div class=\"elementor-element elementor-element-a1fe84d e-flex e-con-boxed e-con e-parent\" data-id=\"a1fe84d\" data-element_type=\"container\" data-e-type=\"container\">\n\t\t\t\t\t<div class=\"e-con-inner\">\n\t\t\t\t<div class=\"elementor-element elementor-element-f6531a7 elementor-widget elementor-widget-image\" data-id=\"f6531a7\" data-element_type=\"widget\" data-e-type=\"widget\" data-widget_type=\"image.default\">\n\t\t\t\t<div class=\"elementor-widget-container\">\n\t\t\t\t\t\t\t\t\t\t\t\t\t\t\t<img alt=\"\" decoding=\"async\" width=\"629\" height=\"466\" src=\"https:\/\/aicheq.com\/wp-content\/uploads\/2025\/12\/Rekrykuva.png\" class=\"attachment-large size-large wp-image-1479\" srcset=\"https:\/\/aicheq.com\/wp-content\/uploads\/2025\/12\/Rekrykuva.png 629w, https:\/\/aicheq.com\/wp-content\/uploads\/2025\/12\/Rekrykuva-300x222.png 300w, https:\/\/aicheq.com\/wp-content\/uploads\/2025\/12\/Rekrykuva-16x12.png 16w\" sizes=\"(max-width: 629px) 100vw, 629px\" \/>\t\t\t\t\t\t\t\t\t\t\t\t\t\t\t<\/div>\n\t\t\t\t<\/div>\n\t\t\t\t\t<\/div>\n\t\t\t\t<\/div>\n\t\t<div class=\"elementor-element elementor-element-7117492 e-flex e-con-boxed e-con e-parent\" data-id=\"7117492\" data-element_type=\"container\" data-e-type=\"container\">\n\t\t\t\t\t<div class=\"e-con-inner\">\n\t\t<div class=\"elementor-element elementor-element-48d3377 e-con-full e-flex e-con e-child\" data-id=\"48d3377\" data-element_type=\"container\" data-e-type=\"container\">\n\t\t\t\t<div class=\"elementor-element elementor-element-4446957 elementor-widget elementor-widget-text-editor\" data-id=\"4446957\" data-element_type=\"widget\" data-e-type=\"widget\" data-widget_type=\"text-editor.default\">\n\t\t\t\t<div class=\"elementor-widget-container\">\n\t\t\t\t\t\t\t\t\t<p>Rekrytointiprosessi saa my\u00f6s ty\u00f6nantajaa pohtimaan teht\u00e4v\u00e4n edellytt\u00e4m\u00e4\u00e4 osaamista ja kykyj\u00e4. Pit\u00e4\u00e4k\u00f6 osaamisprofiilia p\u00e4ivitt\u00e4\u00e4? Prosessi on tasapuolinen ja turvallinen, sill\u00e4 ihminen p\u00e4\u00e4tt\u00e4\u00e4 aina teht\u00e4v\u00e4\u00e4n liittyvist\u00e4 kriteereist\u00e4.<\/p>\t\t\t\t\t\t\t\t<\/div>\n\t\t\t\t<\/div>\n\t\t\t\t<\/div>\n\t\t<div class=\"elementor-element elementor-element-187f7b3 e-con-full e-flex e-con e-child\" data-id=\"187f7b3\" data-element_type=\"container\" data-e-type=\"container\">\n\t\t\t\t<div class=\"elementor-element elementor-element-804281a elementor-widget elementor-widget-text-editor\" data-id=\"804281a\" data-element_type=\"widget\" data-e-type=\"widget\" data-widget_type=\"text-editor.default\">\n\t\t\t\t<div class=\"elementor-widget-container\">\n\t\t\t\t\t\t\t\t\t<p>AI-j\u00e4rjestelm\u00e4 prosessoi tehokkaasti hakemukset ja niihin liittyv\u00e4t jo syvemp\u00e4\u00e4n osaamiseen liittyv\u00e4t kohdat. Rekrytoija saa teko\u00e4lylt\u00e4 arviointiehdotuksen, joka rekrytoijan tulee hyv\u00e4ksy\u00e4 tai muokata. Aina lopullisen arvioinnin ja valinnan vahvistaa ihminen!<\/p>\t\t\t\t\t\t\t\t<\/div>\n\t\t\t\t<\/div>\n\t\t\t\t<\/div>\n\t\t\t\t\t<\/div>\n\t\t\t\t<\/div>\n\t\t<div class=\"elementor-element elementor-element-ef7de77 e-con-full e-flex e-con e-parent\" data-id=\"ef7de77\" data-element_type=\"container\" data-e-type=\"container\" data-settings=\"{&quot;background_background&quot;:&quot;classic&quot;}\">\n\t\t<div class=\"elementor-element elementor-element-d6ecf38 e-con-full e-flex e-con e-child\" data-id=\"d6ecf38\" data-element_type=\"container\" data-e-type=\"container\">\n\t\t\t\t<div class=\"elementor-element elementor-element-8aae673 elementor-widget elementor-widget-button\" data-id=\"8aae673\" data-element_type=\"widget\" data-e-type=\"widget\" data-widget_type=\"button.default\">\n\t\t\t\t<div class=\"elementor-widget-container\">\n\t\t\t\t\t\t\t\t\t<div class=\"elementor-button-wrapper\">\n\t\t\t\t\t<a class=\"elementor-button elementor-button-link elementor-size-sm\" href=\"#\">\n\t\t\t\t\t\t<span class=\"elementor-button-content-wrapper\">\n\t\t\t\t\t\t\t\t\t<span class=\"elementor-button-text\">Tulossa: klikkaa ja katso rekrytointivaiheet <\/span>\n\t\t\t\t\t<\/span>\n\t\t\t\t\t<\/a>\n\t\t\t\t<\/div>\n\t\t\t\t\t\t\t\t<\/div>\n\t\t\t\t<\/div>\n\t\t\t\t<\/div>\n\t\t<div class=\"elementor-element elementor-element-0720ee7 e-con-full e-flex e-con e-child\" data-id=\"0720ee7\" data-element_type=\"container\" data-e-type=\"container\">\n\t\t\t\t<div class=\"elementor-element elementor-element-b1c14d0 elementor-widget elementor-widget-text-editor\" data-id=\"b1c14d0\" data-element_type=\"widget\" data-e-type=\"widget\" data-widget_type=\"text-editor.default\">\n\t\t\t\t<div class=\"elementor-widget-container\">\n\t\t\t\t\t\t\t\t\t<p class=\"translation-block\">AI rekrytointiprosessi <b>automatisoi ja tehostaa  and accelerates<\/b> osaamisen kartoitusta ja sen dokumentaatiota ja palkkausprosessia.<\/p>\t\t\t\t\t\t\t\t<\/div>\n\t\t\t\t<\/div>\n\t\t\t\t<\/div>\n\t\t\t\t<\/div>\n\t\t<div class=\"elementor-element elementor-element-5f9255e e-flex e-con-boxed e-con e-parent\" data-id=\"5f9255e\" data-element_type=\"container\" data-e-type=\"container\">\n\t\t\t\t\t<div class=\"e-con-inner\">\n\t\t<div class=\"elementor-element elementor-element-701b696 e-con-full e-flex e-con e-child\" data-id=\"701b696\" data-element_type=\"container\" data-e-type=\"container\">\n\t\t\t\t<div class=\"elementor-element elementor-element-801523d elementor-widget elementor-widget-text-editor\" data-id=\"801523d\" data-element_type=\"widget\" data-e-type=\"widget\" data-widget_type=\"text-editor.default\">\n\t\t\t\t<div class=\"elementor-widget-container\">\n\t\t\t\t\t\t\t\t\t<p>AI mahdollistaa tehokkaamman ja edullisemman rekrytointiprosessin suorittamisen. AI tekee jokaisella kierroksella automaattisen arviointiehdotuksen ja rankkaa hakemukset.\u00a0<\/p>\t\t\t\t\t\t\t\t<\/div>\n\t\t\t\t<\/div>\n\t\t\t\t<\/div>\n\t\t<div class=\"elementor-element elementor-element-ca91f1c e-con-full e-flex e-con e-child\" data-id=\"ca91f1c\" data-element_type=\"container\" data-e-type=\"container\">\n\t\t\t\t<div class=\"elementor-element elementor-element-51bdf88 elementor-widget elementor-widget-text-editor\" data-id=\"51bdf88\" data-element_type=\"widget\" data-e-type=\"widget\" data-widget_type=\"text-editor.default\">\n\t\t\t\t<div class=\"elementor-widget-container\">\n\t\t\t\t\t\t\t\t\t<p>Jokaisella kierroksella erityisi\u00e4 hakijan ominaisuuksiin liittyvi\u00e4 kysymyksi\u00e4 kannattaa esitt\u00e4\u00e4. Oleellisten ominaisuuksien, kuten kokemuksen ja vaadittavan osaamisen suhteen saadaan seulottua parhaimmat kandidaatit. Muista ihminen tekee lopulliset valinnat!<\/p>\t\t\t\t\t\t\t\t<\/div>\n\t\t\t\t<\/div>\n\t\t\t\t<\/div>\n\t\t\t\t\t<\/div>\n\t\t\t\t<\/div>\n\t\t<div class=\"elementor-element elementor-element-8856fe7 e-flex e-con-boxed e-con e-parent\" data-id=\"8856fe7\" data-element_type=\"container\" data-e-type=\"container\">\n\t\t\t\t\t<div class=\"e-con-inner\">\n\t\t<div class=\"elementor-element elementor-element-c47c45a e-con-full e-flex e-con e-child\" data-id=\"c47c45a\" data-element_type=\"container\" data-e-type=\"container\">\n\t\t\t\t<div class=\"elementor-element elementor-element-133f519 elementor-widget elementor-widget-image\" data-id=\"133f519\" data-element_type=\"widget\" data-e-type=\"widget\" data-widget_type=\"image.default\">\n\t\t\t\t<div class=\"elementor-widget-container\">\n\t\t\t\t\t\t\t\t\t\t\t\t\t\t\t<img alt=\"\" loading=\"lazy\" decoding=\"async\" width=\"794\" height=\"519\" src=\"https:\/\/aicheq.com\/wp-content\/uploads\/2025\/11\/Country-Mng.png\" class=\"attachment-large size-large wp-image-1271\" srcset=\"https:\/\/aicheq.com\/wp-content\/uploads\/2025\/11\/Country-Mng.png 794w, https:\/\/aicheq.com\/wp-content\/uploads\/2025\/11\/Country-Mng-300x196.png 300w, https:\/\/aicheq.com\/wp-content\/uploads\/2025\/11\/Country-Mng-768x502.png 768w, https:\/\/aicheq.com\/wp-content\/uploads\/2025\/11\/Country-Mng-18x12.png 18w\" sizes=\"(max-width: 794px) 100vw, 794px\" \/>\t\t\t\t\t\t\t\t\t\t\t\t\t\t\t<\/div>\n\t\t\t\t<\/div>\n\t\t\t\t<\/div>\n\t\t<div class=\"elementor-element elementor-element-31f764f e-con-full e-flex e-con e-child\" data-id=\"31f764f\" data-element_type=\"container\" data-e-type=\"container\">\n\t\t\t\t<div class=\"elementor-element elementor-element-d843ae0 elementor-widget elementor-widget-text-editor\" data-id=\"d843ae0\" data-element_type=\"widget\" data-e-type=\"widget\" data-widget_type=\"text-editor.default\">\n\t\t\t\t<div class=\"elementor-widget-container\">\n\t\t\t\t\t\t\t\t\t<p>Systemaattinen ty\u00f6prosessi rekrytointi-ilmoituksen laatimisessa. Tavoiteltu osaaminen, taito ja kokemus m\u00e4\u00e4ritet\u00e4\u00e4n Checking (tarkasteet) v\u00e4lilehdess\u00e4.<\/p><p>Hakuilmoitukset julkaistaan linkkin\u00e4 ja jaetaan laajasti eri puolille verkkoa sosiaaliseen mediaan ja keskusteluryhmiin.<\/p>\t\t\t\t\t\t\t\t<\/div>\n\t\t\t\t<\/div>\n\t\t\t\t<\/div>\n\t\t\t\t\t<\/div>\n\t\t\t\t<\/div>\n\t\t<div class=\"elementor-element elementor-element-7b187c7 e-flex e-con-boxed e-con e-parent\" data-id=\"7b187c7\" data-element_type=\"container\" data-e-type=\"container\" data-settings=\"{&quot;background_background&quot;:&quot;classic&quot;}\">\n\t\t\t\t\t<div class=\"e-con-inner\">\n\t\t\t\t<div class=\"elementor-element elementor-element-5d1d560 elementor-widget elementor-widget-text-editor\" data-id=\"5d1d560\" data-element_type=\"widget\" data-e-type=\"widget\" data-widget_type=\"text-editor.default\">\n\t\t\t\t<div class=\"elementor-widget-container\">\n\t\t\t\t\t\t\t\t\t<p>Kysymyksi\u00e4 AI-rekry ty\u00f6kalun k\u00e4yt\u00f6st\u00e4 tai osaamisen arvioinnista?<\/p><p>L\u00e4het\u00e4 s\u00e4hk\u00f6postia tai pyyd\u00e4 esittely\u00e4 ota yhteytt\u00e4 kaavakkeen kautta alapalkissa.<\/p>\t\t\t\t\t\t\t\t<\/div>\n\t\t\t\t<\/div>\n\t\t\t\t\t<\/div>\n\t\t\t\t<\/div>\n\t\t\t\t<\/div>","protected":false},"excerpt":{"rendered":"<p>1# solution to Expand HR volume with AI Save the recruitment costs and enlarge the business volume A Modern AI Recruitment: Track larger volume of expertise and save time \u2013 simultaneously! Increase efficiency in your recruitment process. Analyze 100 of applications in one hour! Receive more refined applications. Recruitment process supports also employers to rethink [&hellip;]<\/p>","protected":false},"author":2,"featured_media":0,"parent":0,"menu_order":0,"comment_status":"closed","ping_status":"closed","template":"elementor_header_footer","meta":{"_seopress_robots_primary_cat":"","_seopress_titles_title":"","_seopress_titles_desc":"","_seopress_robots_index":"","ocean_post_layout":"full-width","ocean_both_sidebars_style":"","ocean_both_sidebars_content_width":0,"ocean_both_sidebars_sidebars_width":0,"ocean_sidebar":"","ocean_second_sidebar":"","ocean_disable_margins":"enable","ocean_add_body_class":"","ocean_shortcode_before_top_bar":"","ocean_shortcode_after_top_bar":"","ocean_shortcode_before_header":"","ocean_shortcode_after_header":"","ocean_has_shortcode":"","ocean_shortcode_after_title":"","ocean_shortcode_before_footer_widgets":"","ocean_shortcode_after_footer_widgets":"","ocean_shortcode_before_footer_bottom":"","ocean_shortcode_after_footer_bottom":"","ocean_display_top_bar":"default","ocean_display_header":"default","ocean_header_style":"","ocean_center_header_left_menu":"","ocean_custom_header_template":"","ocean_custom_logo":0,"ocean_custom_retina_logo":0,"ocean_custom_logo_max_width":0,"ocean_custom_logo_tablet_max_width":0,"ocean_custom_logo_mobile_max_width":0,"ocean_custom_logo_max_height":0,"ocean_custom_logo_tablet_max_height":0,"ocean_custom_logo_mobile_max_height":0,"ocean_header_custom_menu":"","ocean_menu_typo_font_family":"","ocean_menu_typo_font_subset":"","ocean_menu_typo_font_size":0,"ocean_menu_typo_font_size_tablet":0,"ocean_menu_typo_font_size_mobile":0,"ocean_menu_typo_font_size_unit":"px","ocean_menu_typo_font_weight":"","ocean_menu_typo_font_weight_tablet":"","ocean_menu_typo_font_weight_mobile":"","ocean_menu_typo_transform":"","ocean_menu_typo_transform_tablet":"","ocean_menu_typo_transform_mobile":"","ocean_menu_typo_line_height":0,"ocean_menu_typo_line_height_tablet":0,"ocean_menu_typo_line_height_mobile":0,"ocean_menu_typo_line_height_unit":"","ocean_menu_typo_spacing":0,"ocean_menu_typo_spacing_tablet":0,"ocean_menu_typo_spacing_mobile":0,"ocean_menu_typo_spacing_unit":"","ocean_menu_link_color":"","ocean_menu_link_color_hover":"","ocean_menu_link_color_active":"","ocean_menu_link_background":"","ocean_menu_link_hover_background":"","ocean_menu_link_active_background":"","ocean_menu_social_links_bg":"","ocean_menu_social_hover_links_bg":"","ocean_menu_social_links_color":"","ocean_menu_social_hover_links_color":"","ocean_disable_title":"default","ocean_disable_heading":"default","ocean_post_title":"","ocean_post_subheading":"","ocean_post_title_style":"","ocean_post_title_background_color":"","ocean_post_title_background":0,"ocean_post_title_bg_image_position":"","ocean_post_title_bg_image_attachment":"","ocean_post_title_bg_image_repeat":"","ocean_post_title_bg_image_size":"","ocean_post_title_height":0,"ocean_post_title_bg_overlay":0.5,"ocean_post_title_bg_overlay_color":"","ocean_disable_breadcrumbs":"default","ocean_breadcrumbs_color":"","ocean_breadcrumbs_separator_color":"","ocean_breadcrumbs_links_color":"","ocean_breadcrumbs_links_hover_color":"","ocean_display_footer_widgets":"default","ocean_display_footer_bottom":"default","ocean_custom_footer_template":"","footnotes":""},"class_list":["post-1262","page","type-page","status-publish","hentry","entry"],"rttpg_featured_image_url":null,"rttpg_author":{"display_name":"Pasi Pet\u00e4j\u00e4","author_link":"https:\/\/aicheq.com\/fi\/author\/pasi-petajaaicheq-com\/"},"rttpg_comment":0,"rttpg_category":null,"rttpg_excerpt":"1# solution to Expand HR volume with AI Save the recruitment costs and enlarge the business volume A Modern AI Recruitment: Track larger volume of expertise and save time \u2013 simultaneously! Increase efficiency in your recruitment process. Analyze 100 of applications in one hour! Receive more refined applications. Recruitment process supports also employers to rethink&hellip;","_links":{"self":[{"href":"https:\/\/aicheq.com\/fi\/wp-json\/wp\/v2\/pages\/1262","targetHints":{"allow":["GET"]}}],"collection":[{"href":"https:\/\/aicheq.com\/fi\/wp-json\/wp\/v2\/pages"}],"about":[{"href":"https:\/\/aicheq.com\/fi\/wp-json\/wp\/v2\/types\/page"}],"author":[{"embeddable":true,"href":"https:\/\/aicheq.com\/fi\/wp-json\/wp\/v2\/users\/2"}],"replies":[{"embeddable":true,"href":"https:\/\/aicheq.com\/fi\/wp-json\/wp\/v2\/comments?post=1262"}],"version-history":[{"count":19,"href":"https:\/\/aicheq.com\/fi\/wp-json\/wp\/v2\/pages\/1262\/revisions"}],"predecessor-version":[{"id":1581,"href":"https:\/\/aicheq.com\/fi\/wp-json\/wp\/v2\/pages\/1262\/revisions\/1581"}],"wp:attachment":[{"href":"https:\/\/aicheq.com\/fi\/wp-json\/wp\/v2\/media?parent=1262"}],"curies":[{"name":"wp","href":"https:\/\/api.w.org\/{rel}","templated":true}]}}