{"id":1592,"date":"2026-01-14T15:23:34","date_gmt":"2026-01-14T15:23:34","guid":{"rendered":"https:\/\/aicheq.com\/?page_id=1592"},"modified":"2026-01-16T17:15:04","modified_gmt":"2026-01-16T17:15:04","slug":"municipality-ai-impact-calculator","status":"publish","type":"page","link":"https:\/\/aicheq.com\/fi\/municipality-ai-impact-calculator\/","title":{"rendered":"Municipality AI Impact Calculator"},"content":{"rendered":"<div data-elementor-type=\"wp-page\" data-elementor-id=\"1592\" class=\"elementor elementor-1592\">\n\t\t\t\t<div class=\"elementor-element elementor-element-9bbfcca e-flex e-con-boxed e-con e-parent\" data-id=\"9bbfcca\" data-element_type=\"container\" data-e-type=\"container\">\n\t\t\t\t\t<div class=\"e-con-inner\">\n\t\t\t\t<div class=\"elementor-element elementor-element-027b1fb elementor-widget elementor-widget-heading\" data-id=\"027b1fb\" data-element_type=\"widget\" data-e-type=\"widget\" data-widget_type=\"heading.default\">\n\t\t\t\t<div class=\"elementor-widget-container\">\n\t\t\t\t\t<h2 class=\"elementor-heading-title elementor-size-default\">Teko\u00e4ly tehostaa yl\u00e4koulujen ja lukioiden opetusta ja oppimista sek\u00e4 tuottaa kustannuss\u00e4\u00e4st\u00f6j\u00e4<\/h2>\t\t\t\t<\/div>\n\t\t\t\t<\/div>\n\t\t\t\t\t<\/div>\n\t\t\t\t<\/div>\n\t\t<div class=\"elementor-element elementor-element-6a6d675 e-flex e-con-boxed e-con e-parent\" data-id=\"6a6d675\" data-element_type=\"container\" data-e-type=\"container\">\n\t\t\t\t\t<div class=\"e-con-inner\">\n\t\t\t\t<div class=\"elementor-element elementor-element-753ae11 elementor-widget__width-initial elementor-widget elementor-widget-text-editor\" data-id=\"753ae11\" data-element_type=\"widget\" data-e-type=\"widget\" data-widget_type=\"text-editor.default\">\n\t\t\t\t<div class=\"elementor-widget-container\">\n\t\t\t\t\t\t\t\t\t<p data-path-to-node=\"3,0\">Sy\u00f6t\u00e4 suomalainen kaupunki tai kunta tyhj\u00e4\u00e4n kentt\u00e4\u00e4n. Ison-Britannian koulutussektoria koskeva analyysi on parhaillaan valmisteilla ja julkaistaan pian<\/p><p data-path-to-node=\"3,1\">Vaikuttavuuslaskelma perustuu sek\u00e4 arviointi- ja opetusmenetelmien tehostumiseen ett\u00e4 jatkuvasti saatavilla olevaan oppimista edist\u00e4v\u00e4\u00e4n palautteeseen. N\u00e4iden lis\u00e4ksi jatkuva toiminen opetusmateriaalin tuotanto on kustannuksiltaan edullisempaa.<\/p>\t\t\t\t\t\t\t\t<\/div>\n\t\t\t\t<\/div>\n\t\t\t\t\t<\/div>\n\t\t\t\t<\/div>\n\t\t<div class=\"elementor-element elementor-element-1c69578 e-flex e-con-boxed e-con e-parent\" data-id=\"1c69578\" data-element_type=\"container\" data-e-type=\"container\">\n\t\t\t\t\t<div class=\"e-con-inner\">\n\t\t\t\t<div class=\"elementor-element elementor-element-5f2faa9 elementor-widget elementor-widget-shortcode\" data-id=\"5f2faa9\" data-element_type=\"widget\" data-e-type=\"widget\" data-widget_type=\"shortcode.default\">\n\t\t\t\t<div class=\"elementor-widget-container\">\n\t\t\t\t\t\t\t<div class=\"elementor-shortcode\"><div id=\"kuntalaskuri-1\" class=\"kuntalaskuri-container\" data-initial-city=\"\"><\/div><\/div>\n\t\t\t\t\t\t<\/div>\n\t\t\t\t<\/div>\n\t\t\t\t\t<\/div>\n\t\t\t\t<\/div>\n\t\t<div class=\"elementor-element elementor-element-de7619a e-flex e-con-boxed e-con e-parent\" data-id=\"de7619a\" data-element_type=\"container\" data-e-type=\"container\">\n\t\t\t\t\t<div class=\"e-con-inner\">\n\t\t\t\t<div class=\"elementor-element elementor-element-5de5c52 elementor-widget__width-initial elementor-widget elementor-widget-text-editor\" data-id=\"5de5c52\" data-element_type=\"widget\" data-e-type=\"widget\" data-widget_type=\"text-editor.default\">\n\t\t\t\t<div class=\"elementor-widget-container\">\n\t\t\t\t\t\t\t\t\t<p style=\"text-align: center;\" data-path-to-node=\"2,0\"><strong>Laskuri laskee kunta-\/kaupunkikohtaisen yksitt\u00e4isen kokonaisarvon teko\u00e4lyn hy\u00f6dyist\u00e4 ja s\u00e4\u00e4st\u00f6ist\u00e4.\u00a0<\/strong><\/p><p data-path-to-node=\"2,0\"><img alt=\"\" fetchpriority=\"high\" decoding=\"async\" class=\"aligncenter wp-image-1623 size-full\" src=\"https:\/\/aicheq.com\/wp-content\/uploads\/2026\/01\/Laskurin-tekijat.png\" width=\"477\" height=\"136\" srcset=\"https:\/\/aicheq.com\/wp-content\/uploads\/2026\/01\/Laskurin-tekijat.png 477w, https:\/\/aicheq.com\/wp-content\/uploads\/2026\/01\/Laskurin-tekijat-300x86.png 300w, https:\/\/aicheq.com\/wp-content\/uploads\/2026\/01\/Laskurin-tekijat-18x5.png 18w\" sizes=\"(max-width: 477px) 100vw, 477px\" \/><\/p><p data-path-to-node=\"2,1\">(1) AI:n harjoitusteht\u00e4vist\u00e4 antama v\u00e4lit\u00f6n oppimista tehostava yksil\u00f6llinen  palaute, (2)  kokeiden ja tarkastettavien teht\u00e4vien arviointity\u00f6n sujuvoittaminen (arvioinnin tehostaminen AI:n avulla)  ja (3) jatkuvatoiminen opetusmateriaalin tuotantoj\u00e4rjestelm\u00e4.<\/p><p data-path-to-node=\"2,2\">Suuntaa antava tulkinta: Oppimisen tehostuminen ja paremmat opetusmenetelm\u00e4t (kohdat 1 ja 2) muodostavat 45 ja 25% vaikutuksesta, kustannuss\u00e4\u00e4st\u00f6t (kohta 3) ovat 30 %.<\/p><p data-path-to-node=\"2,3\">Laskuri m\u00e4\u00e4ritt\u00e4\u00e4 teko\u00e4lyn tuottaman arvon  (vaihtoehtoiskustannus ihmisen ty\u00f6narvon mukaan) opiskelijoiden saamalle v\u00e4litt\u00f6m\u00e4lle palautteelle teht\u00e4vist\u00e4 ja opettajan ty\u00f6n tehostumiselle esim. kokeiden ja arvioitavien teht\u00e4vien tarkastuksessa.  \n\nLaskurin pohja-aineistona on Tilastokeskuksen vuosittain julkaisemia tilastoja (opiskelijam\u00e4\u00e4r\u00e4t).<\/p><p data-path-to-node=\"2,4\">Kohtien 1 ja 2 lis\u00e4arvo, (johon olemassa olevilla menetelmill\u00e4 ei olisi varaa) kuvaa teko\u00e4lyn k\u00e4yt\u00f6n vaikuttavuutta. Kohta 3 on s\u00e4\u00e4st\u00f6vaikutus, johtuen edullisesta tavasta tuottaa ja hy\u00f6dynt\u00e4\u00e4 k\u00e4ytett\u00e4vi\u00e4 opetusmateriaaleja.<\/p><p data-path-to-node=\"2,5\">Aiheesta on saatavilla t\u00e4sm\u00e4llisempi\u00e4 kunta- ja kaupunkikohtaisia arvioita.<\/p><p data-path-to-node=\"2,5\">Hankintayksik\u00f6n on mahdollista k\u00e4ytt\u00e4\u00e4 puitej\u00e4rjestely\u00e4. J\u00e4rjestely voidaan ulottaa my\u00f6s ammattioppilaitoksiin (ei sis\u00e4lly t\u00e4h\u00e4n arviointiin).<\/p><p data-path-to-node=\"2,6\"><b data-path-to-node=\"2,6\" data-index-in-node=\"0\">Tiedustelut:<\/b> +358 400 766 725 | pasi.petaja@aicheq.com<\/p>\t\t\t\t\t\t\t\t<\/div>\n\t\t\t\t<\/div>\n\t\t\t\t\t<\/div>\n\t\t\t\t<\/div>\n\t\t\t\t<\/div>","protected":false},"excerpt":{"rendered":"<p>AI Impacts on Educational Development and Cost Reduction in Secondary and Upper Secondary Schools Please enter your Finnish city or municipality here. A UK-specific educational analysis is currently in the pipeline and will be published soon. This evaluation is based on both enhancing teaching methods and upgrading the learning experience through AIcheq\u2019s AI-assessment hybrid technology. [&hellip;]<\/p>","protected":false},"author":2,"featured_media":0,"parent":0,"menu_order":0,"comment_status":"closed","ping_status":"closed","template":"elementor_header_footer","meta":{"_seopress_robots_primary_cat":"","_seopress_titles_title":"","_seopress_titles_desc":"","_seopress_robots_index":"","ocean_post_layout":"","ocean_both_sidebars_style":"","ocean_both_sidebars_content_width":0,"ocean_both_sidebars_sidebars_width":0,"ocean_sidebar":"","ocean_second_sidebar":"","ocean_disable_margins":"enable","ocean_add_body_class":"","ocean_shortcode_before_top_bar":"","ocean_shortcode_after_top_bar":"","ocean_shortcode_before_header":"","ocean_shortcode_after_header":"","ocean_has_shortcode":"","ocean_shortcode_after_title":"","ocean_shortcode_before_footer_widgets":"","ocean_shortcode_after_footer_widgets":"","ocean_shortcode_before_footer_bottom":"","ocean_shortcode_after_footer_bottom":"","ocean_display_top_bar":"default","ocean_display_header":"default","ocean_header_style":"","ocean_center_header_left_menu":"","ocean_custom_header_template":"","ocean_custom_logo":0,"ocean_custom_retina_logo":0,"ocean_custom_logo_max_width":0,"ocean_custom_logo_tablet_max_width":0,"ocean_custom_logo_mobile_max_width":0,"ocean_custom_logo_max_height":0,"ocean_custom_logo_tablet_max_height":0,"ocean_custom_logo_mobile_max_height":0,"ocean_header_custom_menu":"","ocean_menu_typo_font_family":"","ocean_menu_typo_font_subset":"","ocean_menu_typo_font_size":0,"ocean_menu_typo_font_size_tablet":0,"ocean_menu_typo_font_size_mobile":0,"ocean_menu_typo_font_size_unit":"px","ocean_menu_typo_font_weight":"","ocean_menu_typo_font_weight_tablet":"","ocean_menu_typo_font_weight_mobile":"","ocean_menu_typo_transform":"","ocean_menu_typo_transform_tablet":"","ocean_menu_typo_transform_mobile":"","ocean_menu_typo_line_height":0,"ocean_menu_typo_line_height_tablet":0,"ocean_menu_typo_line_height_mobile":0,"ocean_menu_typo_line_height_unit":"","ocean_menu_typo_spacing":0,"ocean_menu_typo_spacing_tablet":0,"ocean_menu_typo_spacing_mobile":0,"ocean_menu_typo_spacing_unit":"","ocean_menu_link_color":"","ocean_menu_link_color_hover":"","ocean_menu_link_color_active":"","ocean_menu_link_background":"","ocean_menu_link_hover_background":"","ocean_menu_link_active_background":"","ocean_menu_social_links_bg":"","ocean_menu_social_hover_links_bg":"","ocean_menu_social_links_color":"","ocean_menu_social_hover_links_color":"","ocean_disable_title":"default","ocean_disable_heading":"default","ocean_post_title":"","ocean_post_subheading":"","ocean_post_title_style":"","ocean_post_title_background_color":"","ocean_post_title_background":0,"ocean_post_title_bg_image_position":"","ocean_post_title_bg_image_attachment":"","ocean_post_title_bg_image_repeat":"","ocean_post_title_bg_image_size":"","ocean_post_title_height":0,"ocean_post_title_bg_overlay":0.5,"ocean_post_title_bg_overlay_color":"","ocean_disable_breadcrumbs":"default","ocean_breadcrumbs_color":"","ocean_breadcrumbs_separator_color":"","ocean_breadcrumbs_links_color":"","ocean_breadcrumbs_links_hover_color":"","ocean_display_footer_widgets":"default","ocean_display_footer_bottom":"default","ocean_custom_footer_template":"","footnotes":""},"class_list":["post-1592","page","type-page","status-publish","hentry","entry"],"rttpg_featured_image_url":null,"rttpg_author":{"display_name":"Pasi Pet\u00e4j\u00e4","author_link":"https:\/\/aicheq.com\/fi\/author\/pasi-petajaaicheq-com\/"},"rttpg_comment":0,"rttpg_category":null,"rttpg_excerpt":"AI Impacts on Educational Development and Cost Reduction in Secondary and Upper Secondary Schools Please enter your Finnish city or municipality here. A UK-specific educational analysis is currently in the pipeline and will be published soon. This evaluation is based on both enhancing teaching methods and upgrading the learning experience through AIcheq\u2019s AI-assessment hybrid technology.&hellip;","_links":{"self":[{"href":"https:\/\/aicheq.com\/fi\/wp-json\/wp\/v2\/pages\/1592","targetHints":{"allow":["GET"]}}],"collection":[{"href":"https:\/\/aicheq.com\/fi\/wp-json\/wp\/v2\/pages"}],"about":[{"href":"https:\/\/aicheq.com\/fi\/wp-json\/wp\/v2\/types\/page"}],"author":[{"embeddable":true,"href":"https:\/\/aicheq.com\/fi\/wp-json\/wp\/v2\/users\/2"}],"replies":[{"embeddable":true,"href":"https:\/\/aicheq.com\/fi\/wp-json\/wp\/v2\/comments?post=1592"}],"version-history":[{"count":13,"href":"https:\/\/aicheq.com\/fi\/wp-json\/wp\/v2\/pages\/1592\/revisions"}],"predecessor-version":[{"id":1656,"href":"https:\/\/aicheq.com\/fi\/wp-json\/wp\/v2\/pages\/1592\/revisions\/1656"}],"wp:attachment":[{"href":"https:\/\/aicheq.com\/fi\/wp-json\/wp\/v2\/media?parent=1592"}],"curies":[{"name":"wp","href":"https:\/\/api.w.org\/{rel}","templated":true}]}}