{"id":1634,"date":"2026-01-15T13:51:03","date_gmt":"2026-01-15T13:51:03","guid":{"rendered":"https:\/\/aicheq.com\/?page_id=1634"},"modified":"2026-01-15T14:27:59","modified_gmt":"2026-01-15T14:27:59","slug":"service-description","status":"publish","type":"page","link":"https:\/\/aicheq.com\/fi\/service-description\/","title":{"rendered":"Service description"},"content":{"rendered":"<div data-elementor-type=\"wp-page\" data-elementor-id=\"1634\" class=\"elementor elementor-1634\">\n\t\t\t\t<div class=\"elementor-element elementor-element-1dff9ab e-flex e-con-boxed e-con e-parent\" data-id=\"1dff9ab\" data-element_type=\"container\" data-e-type=\"container\">\n\t\t\t\t\t<div class=\"e-con-inner\">\n\t\t\t\t<div class=\"elementor-element elementor-element-f05cbd5 elementor-widget elementor-widget-text-editor\" data-id=\"f05cbd5\" data-element_type=\"widget\" data-e-type=\"widget\" data-widget_type=\"text-editor.default\">\n\t\t\t\t<div class=\"elementor-widget-container\">\n\t\t\t\t\t\t\t\t\t<p><span style=\"color: #000000;\">Opettajan AI- ty\u00f6kalu, sis\u00e4lt\u00f6kuvaus<\/span><\/p><p>Opettaja voi laatia omille opiskelijoilleen kokeita ja tarkastettavia teht\u00e4vi\u00e4 k\u00e4ytt\u00e4m\u00e4ll\u00e4 apuna teko\u00e4ly\u00e4. Opettaja saa automaattisen kokeiden arviointiominaisuuden k\u00e4ytt\u00f6\u00f6ns\u00e4, jolloin teko\u00e4ly tarjoaa opettajalle automaattisesti arvioinnin. Opettaja hyv\u00e4ksyy tai halutessaan muokkaa arviointi ennen hyv\u00e4ksynt\u00e4\u00e4. Opettaja voi antaa palautetta kirjallisesti tai suullisesti.<\/p><p>Keskeisin hy\u00f6ty syntyy, kun opettaja voi k\u00e4ytt\u00e4\u00e4 teht\u00e4vi\u00e4 ja kokeita uudelleen. Opettajalla on oma kysymys- ja koepankki, jota k\u00e4ytt\u00e4en h\u00e4n s\u00e4\u00e4st\u00e4\u00e4 aikaa arvioinnissa ja kokeen laatimisessa.<\/p><p>Toteutus: Opettaja laatii kokeessa k\u00e4ytett\u00e4v\u00e4t teht\u00e4v\u00e4t. T\u00e4m\u00e4n j\u00e4lkeen h\u00e4n koostaa kokeen valitsee teht\u00e4v\u00e4t ja m\u00e4\u00e4ritt\u00e4\u00e4 pisteytyksen. Pisteytyksess\u00e4 opettajalla on k\u00e4yt\u00f6ss\u00e4 ns. faktapohjainen arviointi, jonka teko\u00e4ly tekee ja laadulinen arviointi, eli jos opettaja haluaa arvioida muita tekij\u00f6it\u00e4, kuten aiheen k\u00e4sittely\u00e4, terminologian hallintaa, oikeakielisyytt\u00e4 tai muita laadullisia elementtej\u00e4. Kun opettaja on koostanut kokeen h\u00e4n m\u00e4\u00e4rittelee koska koe pidet\u00e4\u00e4n (=aikav\u00e4li, jolloin automaattinen arviointi on aktivoituna). Opettaja julkaisee ns. koelinkin haluamassaan kanavassa ja opiskelijat p\u00e4\u00e4sev\u00e4t linkist\u00e4 suoraan vastaamaan koeteht\u00e4viin.<\/p><p>Vastattuaan ja esitarkastuksen j\u00e4lkeen he j\u00e4tt\u00e4v\u00e4t kokeen tarkastukseen. Mik\u00e4li opettaja on valinnut ns. oman vastauksen latauksen opiskelijat saavat kokeen kysymykset ja omat vastaukset ladattuina omalle koneelleen. Kokeen palautuksen yhteydess\u00e4 pit\u00e4\u00e4 j\u00e4tt\u00e4\u00e4 sovittu identifiointitieto, jotta opettaja osaa kohdistaa arvioinnin oikealle opiskeljalle.<\/p><p>Teko\u00e4ly tarkastaa vastaukset teht\u00e4vitt\u00e4in (esim. teht\u00e4v\u00e4 1 kaikki vastaukset k\u00e4yd\u00e4\u00e4n l\u00e4pi kokonaisuutena ja t\u00e4m\u00e4n j\u00e4lkeen teht\u00e4v\u00e4 2, jne...). Arvioinnin suorittamisen j\u00e4lkeen tallennetaan arviointi ja sen voi tulostaa exceliin CSV-tiedostona, josta voi toimittaa opiskelijoille tulokset. Opiskelijat voivat tarkastaa arvioinnin ja omat vastauksensa halutessaan.<\/p><p>Disclaimer. \u00c4l\u00e4 tee sis\u00e4lt\u00f6\u00e4 teko\u00e4lyavusteisesti jos tunnet itsesi v\u00e4syneeksi. Teko\u00e4ly\u00e4 k\u00e4ytett\u00e4ess\u00e4 aputy\u00f6kaluna on oltava tarkkana ja itse tarkistettava, ett\u00e4 sis\u00e4lt\u00f6 vastaa haluttua sis\u00e4lt\u00f6\u00e4, opetusta, oppimateriaalia, opetussuunnitelmia, ohjeita, tavoitteita tai yrityksen strategiaa. Suosittelemme aluksi tekem\u00e4\u00e4n omaa sis\u00e4lt\u00f6\u00e4 tai k\u00e4ytt\u00e4m\u00e4\u00e4n aikaisempaa k\u00e4yt\u00f6ss\u00e4 ollutta sis\u00e4lt\u00f6\u00e4, jos k\u00e4ytt\u00f6rajoitukset ja -ehdot sen sallivat. Opettaja vastaa aina k\u00e4ytetyn opetusmateriaalin k\u00e4ytt\u00f6oikeudesta. Ohjelmisto ohjaa k\u00e4ytt\u00e4m\u00e4\u00e4n ns. ilmaislisenssien piiriss\u00e4 oleva kuvia.<\/p><p><strong><span style=\"color: #000000;\">Ominaisuudet ja hy\u00f6dyt<\/span><\/strong><\/p><p>Automaattinen kokeiden arviointiehdotus (v\u00e4hent\u00e4\u00e4 tarkastukseen k\u00e4ytett\u00e4v\u00e4\u00e4 aikaa 30-88%)<\/p><p>Helppok\u00e4ytt\u00f6inen k\u00e4ytt\u00f6liittym\u00e4 teht\u00e4vien ja kokeiden laatiminen samanlaista (kokeissa on lis\u00e4n\u00e4 koeasetukset).<\/p><p>Koe- ja teht\u00e4v\u00e4pankki tehostaa ajank\u00e4ytt\u00f6\u00e4 (ajan s\u00e4\u00e4st\u00f6 kokeiden laatimisessa ja tarkastuksessa)<\/p><p>Lisenssi mahdollistaa 100 arviointia kuukaudessa (lukuvuoden aikana noin 900 arviointia)<\/p><p>Mahdollisuus laatia tarkastettavia teht\u00e4vi\u00e4 ja kokeita teko\u00e4lyn avustuksella (nopeuttaa teht\u00e4vien laatimista, edellytt\u00e4\u00e4 tarkkaavaisuutta)<\/p><p>Mahdollisuus pit\u00e4\u00e4 et\u00e4kokeita (opiskelijat vastaavat linkin kautta, koeajan m\u00e4\u00e4ritt\u00e4minen tiukaksi, copy-paste toimintoa ei voi suorittaa, koevastauksien vertailuty\u00f6kalu)<\/p><p>Mahdollisuus luoda visuaalisia tai videoita sis\u00e4lt\u00e4vi\u00e4 kysymyksi\u00e4 (opiskelija joutuu soveltamaan tietoa)<\/p><p>Opettaja voi est\u00e4\u00e4 kopiointi-liit\u00e4 toiminnon vastaamisessa.<\/p><p>Asiantuntija moodissa voi ottaa k\u00e4ytt\u00f6\u00f6n vastauksien v\u00e4lisen samankaltaisuuden vertailun.<\/p><p>Multimedian hy\u00f6dynt\u00e4minen: Teht\u00e4vis\u00e4\u00e4 ja kokeissa tai teoriassa voit hy\u00f6dynt\u00e4\u00e4 visuaalisia kuvia, videoita, jos haluat laatia tietoa soveltavia kysymyksi\u00e4.<\/p><p>Arviointi on objektiivinen<\/p><p>Eximiatutor ja teko\u00e4lyratkaisu noudattaa tietoturva- ja AI-asetusta (GDPR, DPIA, FRIA)<\/p>\t\t\t\t\t\t\t\t<\/div>\n\t\t\t\t<\/div>\n\t\t\t\t\t<\/div>\n\t\t\t\t<\/div>\n\t\t\t\t<\/div>","protected":false},"excerpt":{"rendered":"<p>AI Tool for Teachers \u2013 Content Description Teachers can design exams and gradable assignments for their students with the assistance of AI. The tool features an automated assessment suggestion system, where the AI provides an initial evaluation for the teacher&#8217;s review. The teacher maintains full control, approving or editing the assessment before final confirmation. Feedback [&hellip;]<\/p>","protected":false},"author":2,"featured_media":1280,"parent":0,"menu_order":0,"comment_status":"closed","ping_status":"closed","template":"","meta":{"_seopress_robots_primary_cat":"","_seopress_titles_title":"","_seopress_titles_desc":"","_seopress_robots_index":"","ocean_post_layout":"","ocean_both_sidebars_style":"","ocean_both_sidebars_content_width":0,"ocean_both_sidebars_sidebars_width":0,"ocean_sidebar":"","ocean_second_sidebar":"","ocean_disable_margins":"enable","ocean_add_body_class":"","ocean_shortcode_before_top_bar":"","ocean_shortcode_after_top_bar":"","ocean_shortcode_before_header":"","ocean_shortcode_after_header":"","ocean_has_shortcode":"","ocean_shortcode_after_title":"","ocean_shortcode_before_footer_widgets":"","ocean_shortcode_after_footer_widgets":"","ocean_shortcode_before_footer_bottom":"","ocean_shortcode_after_footer_bottom":"","ocean_display_top_bar":"default","ocean_display_header":"default","ocean_header_style":"","ocean_center_header_left_menu":"","ocean_custom_header_template":"","ocean_custom_logo":0,"ocean_custom_retina_logo":0,"ocean_custom_logo_max_width":0,"ocean_custom_logo_tablet_max_width":0,"ocean_custom_logo_mobile_max_width":0,"ocean_custom_logo_max_height":0,"ocean_custom_logo_tablet_max_height":0,"ocean_custom_logo_mobile_max_height":0,"ocean_header_custom_menu":"","ocean_menu_typo_font_family":"","ocean_menu_typo_font_subset":"","ocean_menu_typo_font_size":0,"ocean_menu_typo_font_size_tablet":0,"ocean_menu_typo_font_size_mobile":0,"ocean_menu_typo_font_size_unit":"px","ocean_menu_typo_font_weight":"","ocean_menu_typo_font_weight_tablet":"","ocean_menu_typo_font_weight_mobile":"","ocean_menu_typo_transform":"","ocean_menu_typo_transform_tablet":"","ocean_menu_typo_transform_mobile":"","ocean_menu_typo_line_height":0,"ocean_menu_typo_line_height_tablet":0,"ocean_menu_typo_line_height_mobile":0,"ocean_menu_typo_line_height_unit":"","ocean_menu_typo_spacing":0,"ocean_menu_typo_spacing_tablet":0,"ocean_menu_typo_spacing_mobile":0,"ocean_menu_typo_spacing_unit":"","ocean_menu_link_color":"","ocean_menu_link_color_hover":"","ocean_menu_link_color_active":"","ocean_menu_link_background":"","ocean_menu_link_hover_background":"","ocean_menu_link_active_background":"","ocean_menu_social_links_bg":"","ocean_menu_social_hover_links_bg":"","ocean_menu_social_links_color":"","ocean_menu_social_hover_links_color":"","ocean_disable_title":"default","ocean_disable_heading":"default","ocean_post_title":"","ocean_post_subheading":"","ocean_post_title_style":"","ocean_post_title_background_color":"","ocean_post_title_background":0,"ocean_post_title_bg_image_position":"","ocean_post_title_bg_image_attachment":"","ocean_post_title_bg_image_repeat":"","ocean_post_title_bg_image_size":"","ocean_post_title_height":0,"ocean_post_title_bg_overlay":0.5,"ocean_post_title_bg_overlay_color":"","ocean_disable_breadcrumbs":"default","ocean_breadcrumbs_color":"","ocean_breadcrumbs_separator_color":"","ocean_breadcrumbs_links_color":"","ocean_breadcrumbs_links_hover_color":"","ocean_display_footer_widgets":"default","ocean_display_footer_bottom":"default","ocean_custom_footer_template":"","footnotes":""},"class_list":["post-1634","page","type-page","status-publish","has-post-thumbnail","hentry","entry","has-media"],"rttpg_featured_image_url":{"full":["https:\/\/aicheq.com\/wp-content\/uploads\/2025\/11\/leading-assessment-technology.png",1187,447,false],"landscape":["https:\/\/aicheq.com\/wp-content\/uploads\/2025\/11\/leading-assessment-technology.png",1187,447,false],"portraits":["https:\/\/aicheq.com\/wp-content\/uploads\/2025\/11\/leading-assessment-technology.png",1187,447,false],"thumbnail":["https:\/\/aicheq.com\/wp-content\/uploads\/2025\/11\/leading-assessment-technology-150x150.png",150,150,true],"medium":["https:\/\/aicheq.com\/wp-content\/uploads\/2025\/11\/leading-assessment-technology-300x113.png",300,113,true],"large":["https:\/\/aicheq.com\/wp-content\/uploads\/2025\/11\/leading-assessment-technology-1024x386.png",1024,386,true],"1536x1536":["https:\/\/aicheq.com\/wp-content\/uploads\/2025\/11\/leading-assessment-technology.png",1187,447,false],"2048x2048":["https:\/\/aicheq.com\/wp-content\/uploads\/2025\/11\/leading-assessment-technology.png",1187,447,false],"trp-custom-language-flag":["https:\/\/aicheq.com\/wp-content\/uploads\/2025\/11\/leading-assessment-technology-18x7.png",18,7,true],"ocean-thumb-m":["https:\/\/aicheq.com\/wp-content\/uploads\/2025\/11\/leading-assessment-technology-600x447.png",600,447,true],"ocean-thumb-ml":["https:\/\/aicheq.com\/wp-content\/uploads\/2025\/11\/leading-assessment-technology-800x447.png",800,447,true],"ocean-thumb-l":["https:\/\/aicheq.com\/wp-content\/uploads\/2025\/11\/leading-assessment-technology.png",1187,447,false],"qi_addons_for_elementor_image_size_square":["https:\/\/aicheq.com\/wp-content\/uploads\/2025\/11\/leading-assessment-technology-650x447.png",650,447,true],"qi_addons_for_elementor_image_size_landscape":["https:\/\/aicheq.com\/wp-content\/uploads\/2025\/11\/leading-assessment-technology.png",1187,447,false],"qi_addons_for_elementor_image_size_portrait":["https:\/\/aicheq.com\/wp-content\/uploads\/2025\/11\/leading-assessment-technology-650x447.png",650,447,true],"qi_addons_for_elementor_image_size_huge-square":["https:\/\/aicheq.com\/wp-content\/uploads\/2025\/11\/leading-assessment-technology.png",1187,447,false]},"rttpg_author":{"display_name":"Pasi Pet\u00e4j\u00e4","author_link":"https:\/\/aicheq.com\/fi\/author\/pasi-petajaaicheq-com\/"},"rttpg_comment":0,"rttpg_category":null,"rttpg_excerpt":"AI Tool for Teachers \u2013 Content Description Teachers can design exams and gradable assignments for their students with the assistance of AI. The tool features an automated assessment suggestion system, where the AI provides an initial evaluation for the teacher&#8217;s review. The teacher maintains full control, approving or editing the assessment before final confirmation. Feedback&hellip;","_links":{"self":[{"href":"https:\/\/aicheq.com\/fi\/wp-json\/wp\/v2\/pages\/1634","targetHints":{"allow":["GET"]}}],"collection":[{"href":"https:\/\/aicheq.com\/fi\/wp-json\/wp\/v2\/pages"}],"about":[{"href":"https:\/\/aicheq.com\/fi\/wp-json\/wp\/v2\/types\/page"}],"author":[{"embeddable":true,"href":"https:\/\/aicheq.com\/fi\/wp-json\/wp\/v2\/users\/2"}],"replies":[{"embeddable":true,"href":"https:\/\/aicheq.com\/fi\/wp-json\/wp\/v2\/comments?post=1634"}],"version-history":[{"count":3,"href":"https:\/\/aicheq.com\/fi\/wp-json\/wp\/v2\/pages\/1634\/revisions"}],"predecessor-version":[{"id":1639,"href":"https:\/\/aicheq.com\/fi\/wp-json\/wp\/v2\/pages\/1634\/revisions\/1639"}],"wp:featuredmedia":[{"embeddable":true,"href":"https:\/\/aicheq.com\/fi\/wp-json\/wp\/v2\/media\/1280"}],"wp:attachment":[{"href":"https:\/\/aicheq.com\/fi\/wp-json\/wp\/v2\/media?parent=1634"}],"curies":[{"name":"wp","href":"https:\/\/api.w.org\/{rel}","templated":true}]}}