{"id":254,"date":"2024-04-29T16:25:49","date_gmt":"2024-04-29T16:25:49","guid":{"rendered":"https:\/\/aicheq.com\/?page_id=254"},"modified":"2025-09-16T08:08:33","modified_gmt":"2025-09-16T08:08:33","slug":"terms-of-service","status":"publish","type":"page","link":"https:\/\/aicheq.com\/fi\/terms-of-service\/","title":{"rendered":"K\u00e4ytt\u00f6ehdot"},"content":{"rendered":"<div data-elementor-type=\"wp-page\" data-elementor-id=\"254\" class=\"elementor elementor-254\">\n\t\t\t\t<div class=\"elementor-element elementor-element-c6825a2 e-flex e-con-boxed e-con e-parent\" data-id=\"c6825a2\" data-element_type=\"container\" data-e-type=\"container\">\n\t\t\t\t\t<div class=\"e-con-inner\">\n\t\t\t\t<div class=\"elementor-element elementor-element-c57a738 elementor-widget elementor-widget-heading\" data-id=\"c57a738\" data-element_type=\"widget\" data-e-type=\"widget\" data-widget_type=\"heading.default\">\n\t\t\t\t<div class=\"elementor-widget-container\">\n\t\t\t\t\t<h2 class=\"elementor-heading-title elementor-size-default\">K\u00e4ytt\u00f6ehdot<\/h2>\t\t\t\t<\/div>\n\t\t\t\t<\/div>\n\t\t\t\t<div class=\"elementor-element elementor-element-ec787a3 elementor-widget elementor-widget-text-editor\" data-id=\"ec787a3\" data-element_type=\"widget\" data-e-type=\"widget\" data-widget_type=\"text-editor.default\">\n\t\t\t\t<div class=\"elementor-widget-container\">\n\t\t\t\t\t\t\t\t\t<p><span style=\"font-weight: 400;\">P\u00e4ivitetty: Syyskuun 16, 2025<\/span><\/p><p class=\"translation-block\">Tervetuloa aicheq.com-sivustolle (\u201dSivusto\u201d), blogiin ja palvelun sis\u00e4ll\u00f6n informaatiosivustolle, joka on omistettu kiinnostavan  sis\u00e4ll\u00f6n tarjoamiselle. Ole hyv\u00e4 ja lue n\u00e4m\u00e4 k\u00e4ytt\u00f6ehdot (\u201dEhdot\u201d) huolellisesti ennen Sivuston k\u00e4ytt\u00f6\u00e4, sill\u00e4 ne s\u00e4\u00e4telev\u00e4t p\u00e4\u00e4sy\u00e4si ja k\u00e4ytt\u00f6\u00e4si Sivustolla. K\u00e4ytt\u00e4m\u00e4ll\u00e4, selailemalla tai k\u00e4ytt\u00e4m\u00e4ll\u00e4 Sivustoa, sitoudut noudattamaan n\u00e4it\u00e4 Ehtoja ja kaikkia sovellettavia lakeja ja m\u00e4\u00e4r\u00e4yksi\u00e4..<\/span><\/p><h2><b>Ehtojen hyv\u00e4ksyminen<\/b><\/h2><p><span style=\"font-weight: 400;\">K\u00e4ytt\u00e4m\u00e4ll\u00e4 Sivustoa vakuutat lukeneesi, ymm\u00e4rt\u00e4neesi ja hyv\u00e4ksyv\u00e4si n\u00e4m\u00e4 Ehdot. Jos et hyv\u00e4ksy n\u00e4it\u00e4 Ehtoja, \u00e4l\u00e4 k\u00e4yt\u00e4 Sivustoa. Pid\u00e4t\u00e4mme oikeuden oman harkintamme mukaan muuttaa, lis\u00e4t\u00e4 tai poistaa n\u00e4it\u00e4 Ehtoja milloin tahansa. Ilmoitamme muutoksista t\u00e4ll\u00e4 sivulla, joten tarkistathan sivun s\u00e4\u00e4nn\u00f6llisesti. Sivuston k\u00e4yt\u00f6n jatkaminen muutosten julkaisemisen j\u00e4lkeen tarkoittaa, ett\u00e4 hyv\u00e4ksyt ja sitoudut noudattamaan muutoksia.<\/span><\/p><h2><b>Immateriaalioikeudet<\/b><\/h2><p><span style=\"font-weight: 400;\">Kaikki Sivuston sis\u00e4lt\u00f6, mukaan lukien mutta ei rajoittuen teksti, kuvat, grafiikat, logot ja digitaaliset lataukset, ovat aicheq.com omaisuutta ja suojattu kansainv\u00e4lisell\u00e4 tekij\u00e4noikeuslailla. <\/span><b>ai<\/b><span style=\"font-weight: 400;\">cheq.com or its content suppliers and is protected by international copyright laws. The compilation of all content on the Website is the exclusive property of <\/span><b>ai<\/b><span style=\"font-weight: 400;\">cheq.com and is protected by international copyright laws.<\/span><\/p><h2><b>K\u00e4ytt\u00e4j\u00e4n velvollisuudet<\/b><\/h2><p><span style=\"font-weight: 400;\">Sivuston k\u00e4ytt\u00e4j\u00e4n\u00e4 sitoudut seuraavaan:<\/span><\/p><p><span style=\"font-weight: 400;\">Et k\u00e4yt\u00e4 Sivustoa mihink\u00e4\u00e4n laittomaan tai n\u00e4iden Ehtojen kielt\u00e4m\u00e4\u00e4n tarkoitukseen.<\/span><\/p><p class=\"translation-block\"><span style=\"font-weight: 400\"><span style=\"font-weight: 400\">Et kopioi, monista, myy, j\u00e4lleenmyy tai hy\u00f6dynn\u00e4 mit\u00e4\u00e4n osaa Sivustosta ilman aicheq.comin nimenomaista kirjallista lupaa.<\/p><p><span style=\"font-weight: 400;\">Et julkaise tai l\u00e4het\u00e4 mit\u00e4\u00e4n materiaalia, joka on herjaavaa, loukkaavaa tai muuten ep\u00e4sopivaa, tai joka loukkaa muiden oikeuksia, mukaan lukien heid\u00e4n immateriaalioikeuksiaan.<\/span><\/p><p><span style=\"font-weight: 400;\">Et k\u00e4yt\u00e4 Sivustoa mill\u00e4\u00e4n tavalla, joka voisi vahingoittaa, poistaa k\u00e4yt\u00f6st\u00e4, ylikuormittaa tai heikent\u00e4\u00e4 Sivustoa tai h\u00e4irit\u00e4 muiden osapuolten k\u00e4ytt\u00f6\u00e4 ja nauttimista Sivustosta.<\/span><\/p><h2><b>Vastuuvapauslauseke<\/b><\/h2><p class=\"translation-block\">Sivusto tarjotaan \u201dsellaisena kuin se on\u201d ja \u201dsaatavuuden mukaan\u201d -periaatteella. <\/span><b>ai<\/b><span style=\"font-weight: 400\">cheq.com ei anna mink\u00e4\u00e4nlaisia, suoria tai ep\u00e4suoria, vakuutuksia tai takuita Sivuston toiminnasta tai Sivustolla olevista tiedoista, sis\u00e4ll\u00f6st\u00e4, materiaaleista tai tuotteista. Soveltuvan lain sallimissa rajoissa, <\/span><b>ai<\/b><span style=\"font-weight: 400\">cheq.com kiist\u00e4\u00e4 kaikki suorat tai ep\u00e4suorat takuut, mukaan lukien, mutta ei rajoittuen, kaupattavuuden ja sopivuuden tiettyyn tarkoitukseen. <\/span><b>ai<\/b><span style=\"font-weight: 400\">cheq.com ei takaa, ett\u00e4 Sivusto, sen palvelimet tai <\/span><b>ai<\/b><span style=\"font-weight: 400\">cheq.comista l\u00e4hetetty s\u00e4hk\u00f6posti ovat vapaita viruksista tai muista haitallisista komponenteista. Hyv\u00e4ksyt nimenomaisesti, ett\u00e4 k\u00e4yt\u00e4t Sivustoa omalla vastuullasi.<\/span><\/p><h2><b>Vastuun rajoitus<\/b><\/h2><p><span style=\"font-weight: 400;\">Miss\u00e4\u00e4n tapauksessa <\/span><b>ai<\/b><span style=\"font-weight: 400;\">cheq.com, sen johtajat, toimihenkil\u00f6t, ty\u00f6ntekij\u00e4t tai edustajat eiv\u00e4t ole vastuussa mist\u00e4\u00e4n suorista, ep\u00e4suorista, satunnaisista, erityisist\u00e4, seuraamuksellisista tai rangaistusluonteisista vahingoista, mukaan lukien, mutta ei rajoittuen, voiton, maineen, k\u00e4yt\u00f6n, datan tai muiden aineettomien menetysten, jotka johtuvat Sivuston k\u00e4yt\u00f6st\u00e4si tai kyvytt\u00f6myydest\u00e4si k\u00e4ytt\u00e4\u00e4 sit\u00e4, vaikka <\/span><b>ai<\/b><span style=\"font-weight: 400;\">aicheq.comille olisi ilmoitettu t\u00e4llaisten vahinkojen mahdollisuudesta.<\/span><\/p><h2><b>Vahingonkorvausvelvollisuus<\/b><\/h2><p class=\"translation-block\"><span style=\"font-weight: 400\">Sitoudut korvaamaan ja pit\u00e4m\u00e4\u00e4n <\/span><b>ai<\/b><span style=\"font-weight: 400\">cheq.comin ja sen tyt\u00e4ryhti\u00f6t, johtajat, toimihenkil\u00f6t, ty\u00f6ntekij\u00e4t ja edustajat vahingoittumattomina kaikista vastuista, vaatimuksista, vahingoista ja kuluista, mukaan lukien kohtuulliset asianajajapalkkiot, jotka johtuvat Sivuston k\u00e4yt\u00f6st\u00e4si tai v\u00e4\u00e4rink\u00e4yt\u00f6st\u00e4, n\u00e4iden Ehtojen rikkomisesta tai siit\u00e4, ett\u00e4 sin\u00e4 tai joku muu tili\u00e4si k\u00e4ytt\u00e4v\u00e4 osapuoli loukkaa mink\u00e4 tahansa henkil\u00f6n tai entiteetin immateriaalioikeuksia tai muita oikeuksia.<\/span><\/p><h2><b>Kolmannen osapuolen verkkosivustot<\/b><\/h2><p class=\"translation-block\"><span style=\"font-weight: 400\">Sivusto voi sis\u00e4lt\u00e4\u00e4 linkkej\u00e4 kolmannen osapuolen verkkosivustoille, jotka eiv\u00e4t ole aicheq.comin omistamia tai hallinnoimia. aicheq.comilla ei ole valvontaa eik\u00e4 se ota vastuuta mink\u00e4\u00e4n kolmannen osapuolen verkkosivustojen sis\u00e4ll\u00f6st\u00e4, tietosuojak\u00e4yt\u00e4nn\u00f6ist\u00e4 tai k\u00e4yt\u00e4nn\u00f6ist\u00e4. K\u00e4ytt\u00e4m\u00e4ll\u00e4 Sivustoa vapautat nimenomaisesti. <\/span><b>ai<\/b><span style=\"font-weight: 400\">cheq.comin kaikesta vastuusta, joka johtuu mink\u00e4 tahansa kolmannen osapuolen verkkosivuston k\u00e4yt\u00f6st\u00e4si.<\/span><\/p><h2><b>Tietosuojak\u00e4yt\u00e4nt\u00f6<\/b><\/h2><p><span style=\"font-weight: 400;\">Sivuston k\u00e4ytt\u00f6si on my\u00f6s meid\u00e4n tietosuojak\u00e4yt\u00e4nt\u00f6mme alaista. Ole hyv\u00e4 ja tutustu tietosuojak\u00e4yt\u00e4nt\u00f6\u00f6mme, joka on liitetty n\u00e4ihin Ehtoihin viittauksella, ymm\u00e4rt\u00e4\u00e4ksesi k\u00e4yt\u00e4nt\u00f6mme henkil\u00f6tietojen ker\u00e4\u00e4misen, k\u00e4yt\u00f6n ja luovuttamisen suhteen.<\/span><\/p><h2><b>K\u00e4yt\u00f6n lopettaminen<\/b><\/h2><p class=\"translation-block\"><b>ai<\/b><span style=\"font-weight: 400\">cheq.com pid\u00e4tt\u00e4\u00e4 oikeuden oman harkintansa mukaan lopettaa p\u00e4\u00e4sysi Sivustolle ilman ennakkoilmoitusta tai vastuuta mist\u00e4 tahansa syyst\u00e4, mukaan lukien mutta ei rajoittuen n\u00e4iden Ehtojen rikkomiseen.<\/p><h2><b>Ehtojen osien erotettavuus<\/b><\/h2><p><span style=\"font-weight: 400;\">N\u00e4it\u00e4 Ehtoja s\u00e4\u00e4nnell\u00e4\u00e4n ja tulkitaan Euroopan unionin ja sen j\u00e4senmaiden lakien mukaisesti, ottamatta huomioon lainvalintas\u00e4\u00e4nn\u00f6ksi\u00e4. Hyv\u00e4ksyt Euroopan unionin ja sen j\u00e4senmaiden tuomioistuinten yksinomaiseen laink\u00e4ytt\u00f6valtaan ja luovut kaikista laink\u00e4ytt\u00f6\u00f6n, toimivaltaan tai ep\u00e4mukavaan tuomioistuimeen liittyvist\u00e4 vastav\u00e4itteist\u00e4.<\/span><\/p><h2><b>Severability<\/b><\/h2><p><span style=\"font-weight: 400;\">Jos jokin n\u00e4iden Ehtojen m\u00e4\u00e4r\u00e4ys katsotaan p\u00e4tem\u00e4tt\u00f6m\u00e4ksi, mit\u00e4tt\u00f6m\u00e4ksi tai t\u00e4yt\u00e4nt\u00f6\u00f6npanokelvottomaksi, muut m\u00e4\u00e4r\u00e4ykset pysyv\u00e4t t\u00e4ysin voimassa, ja p\u00e4tem\u00e4t\u00f6nt\u00e4, mit\u00e4t\u00f6nt\u00e4 tai t\u00e4yt\u00e4nt\u00f6\u00f6npanokelvotonta m\u00e4\u00e4r\u00e4yst\u00e4 pidet\u00e4\u00e4n muokattuna siten, ett\u00e4 se on lain sallimassa enimm\u00e4ism\u00e4\u00e4rin p\u00e4tev\u00e4 ja t\u00e4yt\u00e4nt\u00f6\u00f6npanokelpoinen.<\/span><\/p><h2><b>Oikeuksista luopuminen<\/b><\/h2><p class=\"translation-block\"><span style=\"font-weight: 400\">Mink\u00e4\u00e4n n\u00e4iden Ehtojen m\u00e4\u00e4r\u00e4yksest\u00e4 luopumisen ei katsota olevan my\u00f6hempi tai jatkuva luopuminen kyseisest\u00e4 m\u00e4\u00e4r\u00e4yksest\u00e4 tai mist\u00e4\u00e4n muusta m\u00e4\u00e4r\u00e4yksest\u00e4, eik\u00e4  <\/span><b>ai<\/b><span style=\"font-weight: 400\">cheq.comin laiminly\u00f6nti vaatia jotakin oikeutta tai m\u00e4\u00e4r\u00e4yst\u00e4 n\u00e4iden Ehtojen perusteella tarkoita luopumista kyseisest\u00e4 oikeudesta tai m\u00e4\u00e4r\u00e4yksest\u00e4.<\/span><\/p><h2><b>Koko sopimus<\/b><\/h2><p class=\"translation-block\"><span style=\"font-weight: 400\">N\u00e4m\u00e4 Ehdot, yhdess\u00e4 tietosuojak\u00e4yt\u00e4nn\u00f6n ja muiden <\/span><b>ai<\/b><span style=\"font-weight: 400\">cheq.comin Sivustolla julkaisemien lakim\u00e4\u00e4r\u00e4ysten kanssa, muodostavat koko sopimuksen sinun ja <\/span><b>ai<\/b><span style=\"font-weight: 400\">cheq.comin v\u00e4lill\u00e4 koskien Sivuston k\u00e4ytt\u00f6\u00e4si ja korvaavat kaikki aikaisemmat, kirjalliset tai suulliset, sopimukset sinun ja <\/span><b>ai<\/b><span style=\"font-weight: 400\">cheq.comin v\u00e4lill\u00e4 koskien Sivustoa.<\/span><\/p><h2><b>Yhteystiedot ja yhteydenotto<\/b><\/h2><p><span style=\"font-weight: 400;\">Kaikki Sivuston sis\u00e4lt\u00f6, mukaan lukien mutta ei rajoittuen teksti, kuvat, grafiikat, logot ja digitaaliset lataukset, on aicheq.comin tai sen sis\u00e4ll\u00f6ntoimittajien omaisuutta ja suojattu kansainv\u00e4lisill\u00e4 tekij\u00e4noikeuslaeilla. Kaiken Sivuston sis\u00e4ll\u00f6n kokoaminen on yksinomaan aicheq.comin omaisuutta ja suojattu kansainv\u00e4lisill\u00e4 tekij\u00e4noikeuslaeilla.<\/span><\/p><p><b>ai<\/b><span style=\"font-weight: 400;\">cheq.com\u00a0 \u2013 kaikki oikeudet varataan.<\/span><\/p>\t\t\t\t\t\t\t\t<\/div>\n\t\t\t\t<\/div>\n\t\t\t\t\t<\/div>\n\t\t\t\t<\/div>\n\t\t\t\t<\/div>","protected":false},"excerpt":{"rendered":"<p>Terms of Service Last Updated: September 16, 2025. Welcome to aicheq.com (the &#8220;Website&#8221;), a blog and informational web site dedicated to providing engaging and insightful content. Please read these Terms of Service (&#8220;Terms&#8221;) carefully before using the Website, as they govern your access and use of the Website. By accessing, browsing, or using the Website, [&hellip;]<\/p>","protected":false},"author":2,"featured_media":0,"parent":0,"menu_order":0,"comment_status":"closed","ping_status":"closed","template":"","meta":{"_seopress_robots_primary_cat":"","_seopress_titles_title":"","_seopress_titles_desc":"","_seopress_robots_index":"","ocean_post_layout":"full-screen","ocean_both_sidebars_style":"","ocean_both_sidebars_content_width":0,"ocean_both_sidebars_sidebars_width":0,"ocean_sidebar":"","ocean_second_sidebar":"","ocean_disable_margins":"enable","ocean_add_body_class":"","ocean_shortcode_before_top_bar":"","ocean_shortcode_after_top_bar":"","ocean_shortcode_before_header":"","ocean_shortcode_after_header":"","ocean_has_shortcode":"","ocean_shortcode_after_title":"","ocean_shortcode_before_footer_widgets":"","ocean_shortcode_after_footer_widgets":"","ocean_shortcode_before_footer_bottom":"","ocean_shortcode_after_footer_bottom":"","ocean_display_top_bar":"default","ocean_display_header":"default","ocean_header_style":"","ocean_center_header_left_menu":"","ocean_custom_header_template":"","ocean_custom_logo":0,"ocean_custom_retina_logo":0,"ocean_custom_logo_max_width":0,"ocean_custom_logo_tablet_max_width":0,"ocean_custom_logo_mobile_max_width":0,"ocean_custom_logo_max_height":0,"ocean_custom_logo_tablet_max_height":0,"ocean_custom_logo_mobile_max_height":0,"ocean_header_custom_menu":"","ocean_menu_typo_font_family":"","ocean_menu_typo_font_subset":"","ocean_menu_typo_font_size":0,"ocean_menu_typo_font_size_tablet":0,"ocean_menu_typo_font_size_mobile":0,"ocean_menu_typo_font_size_unit":"px","ocean_menu_typo_font_weight":"","ocean_menu_typo_font_weight_tablet":"","ocean_menu_typo_font_weight_mobile":"","ocean_menu_typo_transform":"","ocean_menu_typo_transform_tablet":"","ocean_menu_typo_transform_mobile":"","ocean_menu_typo_line_height":0,"ocean_menu_typo_line_height_tablet":0,"ocean_menu_typo_line_height_mobile":0,"ocean_menu_typo_line_height_unit":"","ocean_menu_typo_spacing":0,"ocean_menu_typo_spacing_tablet":0,"ocean_menu_typo_spacing_mobile":0,"ocean_menu_typo_spacing_unit":"","ocean_menu_link_color":"","ocean_menu_link_color_hover":"","ocean_menu_link_color_active":"","ocean_menu_link_background":"","ocean_menu_link_hover_background":"","ocean_menu_link_active_background":"","ocean_menu_social_links_bg":"","ocean_menu_social_hover_links_bg":"","ocean_menu_social_links_color":"","ocean_menu_social_hover_links_color":"","ocean_disable_title":"default","ocean_disable_heading":"default","ocean_post_title":"","ocean_post_subheading":"","ocean_post_title_style":"","ocean_post_title_background_color":"","ocean_post_title_background":0,"ocean_post_title_bg_image_position":"","ocean_post_title_bg_image_attachment":"","ocean_post_title_bg_image_repeat":"","ocean_post_title_bg_image_size":"","ocean_post_title_height":0,"ocean_post_title_bg_overlay":0.5,"ocean_post_title_bg_overlay_color":"","ocean_disable_breadcrumbs":"default","ocean_breadcrumbs_color":"","ocean_breadcrumbs_separator_color":"","ocean_breadcrumbs_links_color":"","ocean_breadcrumbs_links_hover_color":"","ocean_display_footer_widgets":"default","ocean_display_footer_bottom":"default","ocean_custom_footer_template":"","footnotes":""},"class_list":["post-254","page","type-page","status-publish","hentry","entry"],"rttpg_featured_image_url":null,"rttpg_author":{"display_name":"Pasi Pet\u00e4j\u00e4","author_link":"https:\/\/aicheq.com\/fi\/author\/pasi-petajaaicheq-com\/"},"rttpg_comment":0,"rttpg_category":null,"rttpg_excerpt":"Terms of Service Last Updated: September 16, 2025. Welcome to aicheq.com (the &#8220;Website&#8221;), a blog and informational web site dedicated to providing engaging and insightful content. Please read these Terms of Service (&#8220;Terms&#8221;) carefully before using the Website, as they govern your access and use of the Website. By accessing, browsing, or using the Website,&hellip;","_links":{"self":[{"href":"https:\/\/aicheq.com\/fi\/wp-json\/wp\/v2\/pages\/254","targetHints":{"allow":["GET"]}}],"collection":[{"href":"https:\/\/aicheq.com\/fi\/wp-json\/wp\/v2\/pages"}],"about":[{"href":"https:\/\/aicheq.com\/fi\/wp-json\/wp\/v2\/types\/page"}],"author":[{"embeddable":true,"href":"https:\/\/aicheq.com\/fi\/wp-json\/wp\/v2\/users\/2"}],"replies":[{"embeddable":true,"href":"https:\/\/aicheq.com\/fi\/wp-json\/wp\/v2\/comments?post=254"}],"version-history":[{"count":20,"href":"https:\/\/aicheq.com\/fi\/wp-json\/wp\/v2\/pages\/254\/revisions"}],"predecessor-version":[{"id":1010,"href":"https:\/\/aicheq.com\/fi\/wp-json\/wp\/v2\/pages\/254\/revisions\/1010"}],"wp:attachment":[{"href":"https:\/\/aicheq.com\/fi\/wp-json\/wp\/v2\/media?parent=254"}],"curies":[{"name":"wp","href":"https:\/\/api.w.org\/{rel}","templated":true}]}}