{"id":3,"date":"2024-04-24T07:40:51","date_gmt":"2024-04-24T07:40:51","guid":{"rendered":"http:\/\/aicheq.com\/?page_id=3"},"modified":"2025-09-16T08:13:23","modified_gmt":"2025-09-16T08:13:23","slug":"privacy-policy","status":"publish","type":"page","link":"https:\/\/aicheq.com\/fi\/privacy-policy\/","title":{"rendered":"Tietosuojak\u00e4yt\u00e4nt\u00f6"},"content":{"rendered":"<div data-elementor-type=\"wp-page\" data-elementor-id=\"3\" class=\"elementor elementor-3\">\n\t\t\t\t<div class=\"elementor-element elementor-element-3f271b60 e-flex e-con-boxed e-con e-parent\" data-id=\"3f271b60\" data-element_type=\"container\" data-e-type=\"container\">\n\t\t\t\t\t<div class=\"e-con-inner\">\n\t\t\t\t<div class=\"elementor-element elementor-element-5026205 elementor-widget elementor-widget-text-editor\" data-id=\"5026205\" data-element_type=\"widget\" data-e-type=\"widget\" data-widget_type=\"text-editor.default\">\n\t\t\t\t<div class=\"elementor-widget-container\">\n\t\t\t\t\t\t\t\t\t\n<h2 class=\"wp-block-heading\">Sivustomme<\/h2>\n\n<p>Sivustomme osoite on: http:\/\/aicheq.com<\/p>\n\n<h2 class=\"wp-block-heading\">Kommentit<\/h2>\n\n<p>Kun k\u00e4vij\u00e4t j\u00e4tt\u00e4v\u00e4t kommentteja sivustolle, ker\u00e4\u00e4mme kommenttilomakkeessa n\u00e4kyv\u00e4t tiedot sek\u00e4 k\u00e4vij\u00e4n IP-osoitteen ja selaimen k\u00e4ytt\u00e4j\u00e4agenttitiedon (user agent string) roskapostin havaitsemisen helpottamiseksi.<\/p>\n\n<p>S\u00e4hk\u00f6postiosoitteestasi luotu anonymisoitu merkkijono (tunnetaan my\u00f6s nimell\u00e4 hash) voidaan toimittaa Gravatar-palvelulle, jotta n\u00e4hd\u00e4\u00e4n, k\u00e4yt\u00e4tk\u00f6 palvelua. Gravatar-palvelun tietosuojak\u00e4yt\u00e4nt\u00f6 on saatavilla t\u00e4\u00e4lt\u00e4: https:\/\/automattic.com\/privacy\/. Kommenttisi hyv\u00e4ksymisen j\u00e4lkeen profiilikuvasi n\u00e4kyy julkisesti kommenttisi yhteydess\u00e4.<\/p>\n\n<h2 class=\"wp-block-heading\">Media<\/h2>\n\n<p>Jos lataat kuvia sivustolle, v\u00e4lt\u00e4 lataamasta kuvia, jotka sis\u00e4lt\u00e4v\u00e4t upotettuja sijaintitietoja (EXIF GPS). Sivuston k\u00e4vij\u00e4t voivat ladata ja poimia kaikenlaisia sijaintitietoja sivuston kuvista.<\/p>\n\n<h2 class=\"wp-block-heading\">Ev\u00e4steet<\/h2>\n\n<p>Jos j\u00e4t\u00e4t kommentin sivustollemme, voit valita nimesi, s\u00e4hk\u00f6postiosoitteesi ja verkkosivustosi tallentamisen ev\u00e4steisiin. T\u00e4m\u00e4 on avuksesi, jotta sinun ei tarvitse t\u00e4ytt\u00e4\u00e4 tietojasi uudelleen j\u00e4tt\u00e4ess\u00e4si toisen kommentin. N\u00e4m\u00e4 ev\u00e4steet s\u00e4ilyv\u00e4t yhden vuoden.<\/p>\n\n<p>Jos vierailet kirjautumissivullamme, asetamme v\u00e4liaikaisen ev\u00e4steen sen selvitt\u00e4miseksi, hyv\u00e4ksyyk\u00f6 selaimesi ev\u00e4steet. T\u00e4m\u00e4 ev\u00e4ste ei sis\u00e4ll\u00e4 henkil\u00f6tietoja ja hyl\u00e4t\u00e4\u00e4n, kun suljet selaimesi.<\/p>\n\n<p>Kun kirjaudut sis\u00e4\u00e4n (jos kirjautumispalvelu on k\u00e4yt\u00f6ss\u00e4) saadaksesi uutisia, asetamme my\u00f6s useita ev\u00e4steit\u00e4 tallentamaan kirjautumistietosi ja n\u00e4ytt\u00f6valintasi. Kirjautumisev\u00e4steet s\u00e4ilyv\u00e4t kaksi p\u00e4iv\u00e4\u00e4, ja n\u00e4ytt\u00f6valintaev\u00e4steet vuoden. Jos valitset \"Muista minut\", kirjautumisesi s\u00e4ilyy kaksi viikkoa. Jos kirjaudut ulos tililt\u00e4si, kirjautumisev\u00e4steet poistetaan.<\/p>\n\n<p>Jos muokkaat tai julkaiset artikkelin, selaimeesi tallennetaan ylim\u00e4\u00e4r\u00e4inen ev\u00e4ste. T\u00e4m\u00e4 ev\u00e4ste ei sis\u00e4ll\u00e4 henkil\u00f6tietoja ja ilmoittaa ainoastaan muokkaamasi artikkelin ID-numeron. Se vanhenee yhden p\u00e4iv\u00e4n j\u00e4lkeen.<\/p>\n\n<h2 class=\"wp-block-heading\">Upotettu sis\u00e4lt\u00f6 ja linkit muilta verkkosivuilta<\/h2>\n\n<p>T\u00e4m\u00e4n sivuston artikkelit voivat sis\u00e4lt\u00e4\u00e4 upotettua sis\u00e4lt\u00f6\u00e4 (esim. videoita, kuvia, artikkeleita jne.) tai linkkej\u00e4. Upotettu sis\u00e4lt\u00f6 muilta verkkosivustoilta toimii t\u00e4sm\u00e4lleen samalla tavalla kuin jos k\u00e4vij\u00e4 olisi vieraillut kyseisell\u00e4 toisella verkkosivustolla.<\/p>\n\n<p>N\u00e4m\u00e4 verkkosivustot voivat ker\u00e4t\u00e4 tietoja sinusta, k\u00e4ytt\u00e4\u00e4 ev\u00e4steit\u00e4, upottaa ylim\u00e4\u00e4r\u00e4ist\u00e4 kolmannen osapuolen seurantaa ja tarkkailla vuorovaikutustasi upotetun sis\u00e4ll\u00f6n kanssa, mukaan lukien vuorovaikutuksen seuraaminen upotetun sis\u00e4ll\u00f6n kanssa, jos sinulla on tili ja olet kirjautuneena kyseiselle verkkosivustolle.<\/p>\n\n<h2 class=\"wp-block-heading\">Kenen kanssa jaamme tietosi<\/h2>\n\n<p>Emme jaa tietojasi ulkopuolisille toimijoille. Tietojasi voidaan k\u00e4ytt\u00e4\u00e4 osana kehitt\u00e4mistoimintaa, palveluihimme liittyv\u00e4ss\u00e4 tiedottamisessa ja markkinoinnissa. Jos pyyd\u00e4t salasanan nollausta, IP-osoitteesi sis\u00e4llytet\u00e4\u00e4n nollauss\u00e4hk\u00f6postiin.<\/p>\n\n<h2 class=\"wp-block-heading\">Kuinka kauan s\u00e4ilyt\u00e4mme tietojasi<\/h2>\n\n<p>Jos j\u00e4t\u00e4t kommentin, kommentti ja sen metatiedot s\u00e4ilytet\u00e4\u00e4n toistaiseksi. T\u00e4m\u00e4n tarkoituksena on, ett\u00e4 voimme tunnistaa ja hyv\u00e4ksy\u00e4 mahdolliset seuraavat kommentit automaattisesti sen sijaan, ett\u00e4 ne joutuisivat moderoinnin jonoon.<\/p>\n\n<p>K\u00e4ytt\u00e4jille, jotka rekister\u00f6ityv\u00e4t sivustollemme (jos sellaisia on), tallennamme my\u00f6s heid\u00e4n k\u00e4ytt\u00e4j\u00e4profiilissaan antamansa henkil\u00f6tiedot. Kaikki k\u00e4ytt\u00e4j\u00e4t voivat n\u00e4hd\u00e4, muokata tai poistaa henkil\u00f6tietonsa milloin tahansa (paitsi he eiv\u00e4t voi muuttaa k\u00e4ytt\u00e4j\u00e4nime\u00e4\u00e4n). Sivuston yll\u00e4pit\u00e4j\u00e4t voivat my\u00f6s n\u00e4hd\u00e4 ja muokata kyseisi\u00e4 tietoja.<\/p>\n\n<h2 class=\"wp-block-heading\">Oikeudet tietoihisi<\/h2>\n\n<p>Jos sinulla on tili t\u00e4ll\u00e4 sivustolla tai olet j\u00e4tt\u00e4nyt kommentteja, voit pyyt\u00e4\u00e4 saada kopion hallussamme olevista henkil\u00f6tiedoistasi, mukaan lukien kaikki tiedot, jotka olet meille antanut. Voit my\u00f6s pyyt\u00e4\u00e4, ett\u00e4 poistamme kaikki hallussamme olevat henkil\u00f6tiedot. T\u00e4m\u00e4 ei sis\u00e4ll\u00e4 tietoja, joita meid\u00e4n on pakko s\u00e4ilytt\u00e4\u00e4 hallinnollisista, oikeudellisista tai turvallisuussyist\u00e4.<\/p>\n\n<h2 class=\"wp-block-heading\">Minne tietosi l\u00e4hetet\u00e4\u00e4n ja tietojen k\u00e4ytt\u00f6<\/h2>\n\n<p>K\u00e4vij\u00f6iden kommentit voidaan tarkistaa automaattisen roskapostintunnistuspalvelun avulla. K\u00e4ytt\u00e4jien tietoja voidaan k\u00e4ytt\u00e4\u00e4 palveluiden kehitykseen, tiedottamiseen ja markkinointiin.<\/p>\n\n<p>16.9.2025<\/p>\n\n<p>Eximia AI Technologies Oy Ltd<\/p>\n\t\t\t\t\t\t\t\t<\/div>\n\t\t\t\t<\/div>\n\t\t\t\t\t<\/div>\n\t\t\t\t<\/div>\n\t\t\t\t<\/div>","protected":false},"excerpt":{"rendered":"<p>Who we are Our website address is: http:\/\/aicheq.com Comments When visitors leave comments on the site we collect the data shown in the comments form, and also the visitor\u2019s IP address and browser user agent string to help spam detection. An anonymized string created from your email address (also called a hash) may be provided [&hellip;]<\/p>","protected":false},"author":1,"featured_media":0,"parent":0,"menu_order":0,"comment_status":"closed","ping_status":"open","template":"","meta":{"_seopress_robots_primary_cat":"","_seopress_titles_title":"","_seopress_titles_desc":"","_seopress_robots_index":"","ocean_post_layout":"full-screen","ocean_both_sidebars_style":"","ocean_both_sidebars_content_width":0,"ocean_both_sidebars_sidebars_width":0,"ocean_sidebar":"","ocean_second_sidebar":"","ocean_disable_margins":"enable","ocean_add_body_class":"","ocean_shortcode_before_top_bar":"","ocean_shortcode_after_top_bar":"","ocean_shortcode_before_header":"","ocean_shortcode_after_header":"","ocean_has_shortcode":"","ocean_shortcode_after_title":"","ocean_shortcode_before_footer_widgets":"","ocean_shortcode_after_footer_widgets":"","ocean_shortcode_before_footer_bottom":"","ocean_shortcode_after_footer_bottom":"","ocean_display_top_bar":"default","ocean_display_header":"default","ocean_header_style":"","ocean_center_header_left_menu":"","ocean_custom_header_template":"","ocean_custom_logo":0,"ocean_custom_retina_logo":0,"ocean_custom_logo_max_width":0,"ocean_custom_logo_tablet_max_width":0,"ocean_custom_logo_mobile_max_width":0,"ocean_custom_logo_max_height":0,"ocean_custom_logo_tablet_max_height":0,"ocean_custom_logo_mobile_max_height":0,"ocean_header_custom_menu":"","ocean_menu_typo_font_family":"","ocean_menu_typo_font_subset":"","ocean_menu_typo_font_size":0,"ocean_menu_typo_font_size_tablet":0,"ocean_menu_typo_font_size_mobile":0,"ocean_menu_typo_font_size_unit":"px","ocean_menu_typo_font_weight":"","ocean_menu_typo_font_weight_tablet":"","ocean_menu_typo_font_weight_mobile":"","ocean_menu_typo_transform":"","ocean_menu_typo_transform_tablet":"","ocean_menu_typo_transform_mobile":"","ocean_menu_typo_line_height":0,"ocean_menu_typo_line_height_tablet":0,"ocean_menu_typo_line_height_mobile":0,"ocean_menu_typo_line_height_unit":"","ocean_menu_typo_spacing":0,"ocean_menu_typo_spacing_tablet":0,"ocean_menu_typo_spacing_mobile":0,"ocean_menu_typo_spacing_unit":"","ocean_menu_link_color":"","ocean_menu_link_color_hover":"","ocean_menu_link_color_active":"","ocean_menu_link_background":"","ocean_menu_link_hover_background":"","ocean_menu_link_active_background":"","ocean_menu_social_links_bg":"","ocean_menu_social_hover_links_bg":"","ocean_menu_social_links_color":"","ocean_menu_social_hover_links_color":"","ocean_disable_title":"default","ocean_disable_heading":"default","ocean_post_title":"","ocean_post_subheading":"","ocean_post_title_style":"","ocean_post_title_background_color":"","ocean_post_title_background":0,"ocean_post_title_bg_image_position":"","ocean_post_title_bg_image_attachment":"","ocean_post_title_bg_image_repeat":"","ocean_post_title_bg_image_size":"","ocean_post_title_height":0,"ocean_post_title_bg_overlay":0.5,"ocean_post_title_bg_overlay_color":"","ocean_disable_breadcrumbs":"default","ocean_breadcrumbs_color":"","ocean_breadcrumbs_separator_color":"","ocean_breadcrumbs_links_color":"","ocean_breadcrumbs_links_hover_color":"","ocean_display_footer_widgets":"default","ocean_display_footer_bottom":"default","ocean_custom_footer_template":"","footnotes":""},"class_list":["post-3","page","type-page","status-publish","hentry","entry"],"rttpg_featured_image_url":null,"rttpg_author":{"display_name":"Pasi Pet\u00e4j\u00e4","author_link":"https:\/\/aicheq.com\/fi\/author\/aicheq-com\/"},"rttpg_comment":0,"rttpg_category":null,"rttpg_excerpt":"Who we are Our website address is: http:\/\/aicheq.com Comments When visitors leave comments on the site we collect the data shown in the comments form, and also the visitor\u2019s IP address and browser user agent string to help spam detection. An anonymized string created from your email address (also called a hash) may be provided&hellip;","_links":{"self":[{"href":"https:\/\/aicheq.com\/fi\/wp-json\/wp\/v2\/pages\/3","targetHints":{"allow":["GET"]}}],"collection":[{"href":"https:\/\/aicheq.com\/fi\/wp-json\/wp\/v2\/pages"}],"about":[{"href":"https:\/\/aicheq.com\/fi\/wp-json\/wp\/v2\/types\/page"}],"author":[{"embeddable":true,"href":"https:\/\/aicheq.com\/fi\/wp-json\/wp\/v2\/users\/1"}],"replies":[{"embeddable":true,"href":"https:\/\/aicheq.com\/fi\/wp-json\/wp\/v2\/comments?post=3"}],"version-history":[{"count":7,"href":"https:\/\/aicheq.com\/fi\/wp-json\/wp\/v2\/pages\/3\/revisions"}],"predecessor-version":[{"id":1014,"href":"https:\/\/aicheq.com\/fi\/wp-json\/wp\/v2\/pages\/3\/revisions\/1014"}],"wp:attachment":[{"href":"https:\/\/aicheq.com\/fi\/wp-json\/wp\/v2\/media?parent=3"}],"curies":[{"name":"wp","href":"https:\/\/api.w.org\/{rel}","templated":true}]}}