{"id":639,"date":"2025-08-12T16:15:40","date_gmt":"2025-08-12T16:15:40","guid":{"rendered":"https:\/\/aicheq.com\/?page_id=639"},"modified":"2025-09-16T15:14:39","modified_gmt":"2025-09-16T15:14:39","slug":"compliant-service","status":"publish","type":"page","link":"https:\/\/aicheq.com\/fi\/compliant-service\/","title":{"rendered":"Toimintamalli"},"content":{"rendered":"<div data-elementor-type=\"wp-page\" data-elementor-id=\"639\" class=\"elementor elementor-639\">\n\t\t\t\t<div class=\"elementor-element elementor-element-d1c7e8e e-flex e-con-boxed e-con e-parent\" data-id=\"d1c7e8e\" data-element_type=\"container\" data-e-type=\"container\">\n\t\t\t\t\t<div class=\"e-con-inner\">\n\t\t\t\t<div class=\"elementor-element elementor-element-a1a32ab elementor-widget elementor-widget-heading\" data-id=\"a1a32ab\" data-element_type=\"widget\" data-e-type=\"widget\" data-widget_type=\"heading.default\">\n\t\t\t\t<div class=\"elementor-widget-container\">\n\t\t\t\t\t<h1 class=\"elementor-heading-title elementor-size-default\">Technology, Key elements, and User Categories<\/h1>\t\t\t\t<\/div>\n\t\t\t\t<\/div>\n\t\t\t\t\t<\/div>\n\t\t\t\t<\/div>\n\t\t<div class=\"elementor-element elementor-element-210ca19 e-flex e-con-boxed e-con e-parent\" data-id=\"210ca19\" data-element_type=\"container\" data-e-type=\"container\">\n\t\t\t\t\t<div class=\"e-con-inner\">\n\t\t\t\t<div class=\"elementor-element elementor-element-c278223 elementor-widget elementor-widget-image\" data-id=\"c278223\" data-element_type=\"widget\" data-e-type=\"widget\" data-widget_type=\"image.default\">\n\t\t\t\t<div class=\"elementor-widget-container\">\n\t\t\t\t\t\t\t\t\t\t\t\t\t\t\t<img alt=\"\" fetchpriority=\"high\" decoding=\"async\" width=\"1008\" height=\"587\" src=\"https:\/\/aicheq.com\/wp-content\/uploads\/2025\/08\/tech-dscrpt.png\" class=\"attachment-large size-large wp-image-643\" srcset=\"https:\/\/aicheq.com\/wp-content\/uploads\/2025\/08\/tech-dscrpt.png 1008w, https:\/\/aicheq.com\/wp-content\/uploads\/2025\/08\/tech-dscrpt-300x175.png 300w, https:\/\/aicheq.com\/wp-content\/uploads\/2025\/08\/tech-dscrpt-768x447.png 768w\" sizes=\"(max-width: 1008px) 100vw, 1008px\" \/>\t\t\t\t\t\t\t\t\t\t\t\t\t\t\t<\/div>\n\t\t\t\t<\/div>\n\t\t\t\t\t<\/div>\n\t\t\t\t<\/div>\n\t\t<div class=\"elementor-element elementor-element-916facb e-flex e-con-boxed e-con e-parent\" data-id=\"916facb\" data-element_type=\"container\" data-e-type=\"container\">\n\t\t\t\t\t<div class=\"e-con-inner\">\n\t\t\t\t<div class=\"elementor-element elementor-element-609a8a1 elementor-widget elementor-widget-text-editor\" data-id=\"609a8a1\" data-element_type=\"widget\" data-e-type=\"widget\" data-widget_type=\"text-editor.default\">\n\t\t\t\t<div class=\"elementor-widget-container\">\n\t\t\t\t\t\t\t\t\t<p>Eximiatutorin AI arviointi ty\u00f6kalu noudattaa EU:n lains\u00e4\u00e4d\u00e4nt\u00f6\u00e4  mm. AI-asetusta. Kyseess\u00e4 on uusi seuraavan sukupolven AI-arviointiteknologia, joka on suunniteltu parantamaan oppimista. Palvelu on turvallinen k\u00e4ytt\u00e4\u00e4, toteutetut ratkaisut ovat v\u00e4hemmist\u00f6j\u00e4 syrjim\u00e4tt\u00f6mi\u00e4. Palvelu mahdollistaa opetusorganisaatioille kustannustehokkaan ja aikaa s\u00e4\u00e4st\u00e4v\u00e4n menetelm\u00e4n arvioida kokeita ja arvioitavia teht\u00e4vi\u00e4.<\/p><p>Opettajan keskeinen ty\u00f6teht\u00e4v\u00e4 on opiskelijan suorituksen arvioiminen. Kun opettajalla on arvioitava ja tarkastettava iso m\u00e4\u00e4r\u00e4 kokeita, niin arviointiprosessia voi tehostaa k\u00e4ytt\u00e4m\u00e4ll\u00e4 AIcheq arviointiteknologiaa, se antaa automaattisesta arviointiehdotuksen ja opettajan teht\u00e4v\u00e4ksi j\u00e4\u00e4 joko hyv\u00e4ksy\u00e4 se tai korjata arviota.<\/p><p>AI-arviointity\u00f6kalua k\u00e4ytt\u00f6\u00f6notettaessa on t\u00e4rke\u00e4t\u00e4 m\u00e4\u00e4ritt\u00e4\u00e4 sen AI-asetuksen mukainen riskitaso. Kun kehitet\u00e4\u00e4n arviointiprosessia, joka koskee opetusmateriaalia, teht\u00e4vi\u00e4, kokeita on huomioitava AI-asetuksen mukainen ohjeistus: (EC) No 300\/2008, (EU) No 167\/2013, (EU) No 168\/2013, (EU) 2018\/858, (EU) 2018\/1139 and (EU) 2019\/2144 and Directives 2014\/90\/EU, (EU) 2016\/797 and (EU) 2020\/1828 (Artificial Intelligence Act).<\/p>\t\t\t\t\t\t\t\t<\/div>\n\t\t\t\t<\/div>\n\t\t\t\t\t<\/div>\n\t\t\t\t<\/div>\n\t\t<div class=\"elementor-element elementor-element-7f80585 e-flex e-con-boxed e-con e-parent\" data-id=\"7f80585\" data-element_type=\"container\" data-e-type=\"container\">\n\t\t\t\t\t<div class=\"e-con-inner\">\n\t\t\t\t<div class=\"elementor-element elementor-element-8e7ffb8 elementor-widget__width-initial elementor-widget elementor-widget-image\" data-id=\"8e7ffb8\" data-element_type=\"widget\" data-e-type=\"widget\" data-widget_type=\"image.default\">\n\t\t\t\t<div class=\"elementor-widget-container\">\n\t\t\t\t\t\t\t\t\t\t\t\t\t\t\t<img alt=\"\" decoding=\"async\" width=\"1024\" height=\"442\" src=\"https:\/\/aicheq.com\/wp-content\/uploads\/2025\/08\/Risk-classification-1024x442.png\" class=\"attachment-large size-large wp-image-644\" srcset=\"https:\/\/aicheq.com\/wp-content\/uploads\/2025\/08\/Risk-classification-1024x442.png 1024w, https:\/\/aicheq.com\/wp-content\/uploads\/2025\/08\/Risk-classification-300x130.png 300w, https:\/\/aicheq.com\/wp-content\/uploads\/2025\/08\/Risk-classification-768x332.png 768w, https:\/\/aicheq.com\/wp-content\/uploads\/2025\/08\/Risk-classification.png 1077w\" sizes=\"(max-width: 1024px) 100vw, 1024px\" \/>\t\t\t\t\t\t\t\t\t\t\t\t\t\t\t<\/div>\n\t\t\t\t<\/div>\n\t\t\t\t\t<\/div>\n\t\t\t\t<\/div>\n\t\t<div class=\"elementor-element elementor-element-19fcd36 e-flex e-con-boxed e-con e-parent\" data-id=\"19fcd36\" data-element_type=\"container\" data-e-type=\"container\">\n\t\t\t\t\t<div class=\"e-con-inner\">\n\t\t\t\t<div class=\"elementor-element elementor-element-a307fb7 elementor-widget elementor-widget-text-editor\" data-id=\"a307fb7\" data-element_type=\"widget\" data-e-type=\"widget\" data-widget_type=\"text-editor.default\">\n\t\t\t\t<div class=\"elementor-widget-container\">\n\t\t\t\t\t\t\t\t\t<p class=\"translation-block\">Eximiatutorin AI-arviointiteknologia on ollut useita kertoja eri tahojen ruodittavana k\u00e4ytt\u00f6\u00f6notto- tai pilotprosesseissa. Palvelun tietoturva on m\u00e4\u00e4ritetty noudattavan minimaalisen riskin periaatetta. V\u00e4h\u00e4isemm\u00e4ll\u00e4 toiminnalla automaattista arviointia ei voida toimittaa.<\/p><p class=\"translation-block\">Ohjelmiston GDPR, DPIA, FRIA (elokuu 2025) dokumentaatio on luettavissa julkisessa IlonaIT:n yll\u00e4pit\u00e4m\u00e4ss\u00e4 tietokannassa sovelluskirjastossa<\/p>\t\t\t\t\t\t\t\t<\/div>\n\t\t\t\t<\/div>\n\t\t\t\t\t<\/div>\n\t\t\t\t<\/div>\n\t\t\t\t<\/div>","protected":false},"excerpt":{"rendered":"<p>Technology, Key elements, and User Categories Eximiatutor&#8217;s AI evaluation technology and its solutions are compliant with legal regulations, including the EU&#8217;s AI Act within the European Union. It offers a secure, non-discriminatory, next-generation AI solution designed to enhance learning. At the same time, this solution provides educators with a cost-effective and time-saving method for evaluating [&hellip;]<\/p>","protected":false},"author":2,"featured_media":0,"parent":0,"menu_order":0,"comment_status":"closed","ping_status":"closed","template":"","meta":{"_seopress_robots_primary_cat":"","_seopress_titles_title":"","_seopress_titles_desc":"","_seopress_robots_index":"","ocean_post_layout":"full-screen","ocean_both_sidebars_style":"","ocean_both_sidebars_content_width":0,"ocean_both_sidebars_sidebars_width":0,"ocean_sidebar":"","ocean_second_sidebar":"","ocean_disable_margins":"enable","ocean_add_body_class":"","ocean_shortcode_before_top_bar":"","ocean_shortcode_after_top_bar":"","ocean_shortcode_before_header":"","ocean_shortcode_after_header":"","ocean_has_shortcode":"","ocean_shortcode_after_title":"","ocean_shortcode_before_footer_widgets":"","ocean_shortcode_after_footer_widgets":"","ocean_shortcode_before_footer_bottom":"","ocean_shortcode_after_footer_bottom":"","ocean_display_top_bar":"default","ocean_display_header":"default","ocean_header_style":"","ocean_center_header_left_menu":"","ocean_custom_header_template":"","ocean_custom_logo":0,"ocean_custom_retina_logo":0,"ocean_custom_logo_max_width":0,"ocean_custom_logo_tablet_max_width":0,"ocean_custom_logo_mobile_max_width":0,"ocean_custom_logo_max_height":0,"ocean_custom_logo_tablet_max_height":0,"ocean_custom_logo_mobile_max_height":0,"ocean_header_custom_menu":"","ocean_menu_typo_font_family":"","ocean_menu_typo_font_subset":"","ocean_menu_typo_font_size":0,"ocean_menu_typo_font_size_tablet":0,"ocean_menu_typo_font_size_mobile":0,"ocean_menu_typo_font_size_unit":"px","ocean_menu_typo_font_weight":"","ocean_menu_typo_font_weight_tablet":"","ocean_menu_typo_font_weight_mobile":"","ocean_menu_typo_transform":"","ocean_menu_typo_transform_tablet":"","ocean_menu_typo_transform_mobile":"","ocean_menu_typo_line_height":0,"ocean_menu_typo_line_height_tablet":0,"ocean_menu_typo_line_height_mobile":0,"ocean_menu_typo_line_height_unit":"","ocean_menu_typo_spacing":0,"ocean_menu_typo_spacing_tablet":0,"ocean_menu_typo_spacing_mobile":0,"ocean_menu_typo_spacing_unit":"","ocean_menu_link_color":"","ocean_menu_link_color_hover":"","ocean_menu_link_color_active":"","ocean_menu_link_background":"","ocean_menu_link_hover_background":"","ocean_menu_link_active_background":"","ocean_menu_social_links_bg":"","ocean_menu_social_hover_links_bg":"","ocean_menu_social_links_color":"","ocean_menu_social_hover_links_color":"","ocean_disable_title":"default","ocean_disable_heading":"default","ocean_post_title":"","ocean_post_subheading":"","ocean_post_title_style":"","ocean_post_title_background_color":"","ocean_post_title_background":0,"ocean_post_title_bg_image_position":"","ocean_post_title_bg_image_attachment":"","ocean_post_title_bg_image_repeat":"","ocean_post_title_bg_image_size":"","ocean_post_title_height":0,"ocean_post_title_bg_overlay":0.5,"ocean_post_title_bg_overlay_color":"","ocean_disable_breadcrumbs":"default","ocean_breadcrumbs_color":"","ocean_breadcrumbs_separator_color":"","ocean_breadcrumbs_links_color":"","ocean_breadcrumbs_links_hover_color":"","ocean_display_footer_widgets":"default","ocean_display_footer_bottom":"default","ocean_custom_footer_template":"","footnotes":""},"class_list":["post-639","page","type-page","status-publish","hentry","entry"],"rttpg_featured_image_url":null,"rttpg_author":{"display_name":"Pasi Pet\u00e4j\u00e4","author_link":"https:\/\/aicheq.com\/fi\/author\/pasi-petajaaicheq-com\/"},"rttpg_comment":0,"rttpg_category":null,"rttpg_excerpt":"Technology, Key elements, and User Categories Eximiatutor&#8217;s AI evaluation technology and its solutions are compliant with legal regulations, including the EU&#8217;s AI Act within the European Union. It offers a secure, non-discriminatory, next-generation AI solution designed to enhance learning. At the same time, this solution provides educators with a cost-effective and time-saving method for evaluating&hellip;","_links":{"self":[{"href":"https:\/\/aicheq.com\/fi\/wp-json\/wp\/v2\/pages\/639","targetHints":{"allow":["GET"]}}],"collection":[{"href":"https:\/\/aicheq.com\/fi\/wp-json\/wp\/v2\/pages"}],"about":[{"href":"https:\/\/aicheq.com\/fi\/wp-json\/wp\/v2\/types\/page"}],"author":[{"embeddable":true,"href":"https:\/\/aicheq.com\/fi\/wp-json\/wp\/v2\/users\/2"}],"replies":[{"embeddable":true,"href":"https:\/\/aicheq.com\/fi\/wp-json\/wp\/v2\/comments?post=639"}],"version-history":[{"count":26,"href":"https:\/\/aicheq.com\/fi\/wp-json\/wp\/v2\/pages\/639\/revisions"}],"predecessor-version":[{"id":1028,"href":"https:\/\/aicheq.com\/fi\/wp-json\/wp\/v2\/pages\/639\/revisions\/1028"}],"wp:attachment":[{"href":"https:\/\/aicheq.com\/fi\/wp-json\/wp\/v2\/media?parent=639"}],"curies":[{"name":"wp","href":"https:\/\/api.w.org\/{rel}","templated":true}]}}